{"id":133,"date":"2023-07-05T13:40:15","date_gmt":"2023-07-05T16:40:15","guid":{"rendered":"https:\/\/srvwww3.copenor.com.br\/?page_id=133"},"modified":"2023-07-12T13:14:11","modified_gmt":"2023-07-12T16:14:11","slug":"missaovisaovalores-e-diretrizes","status":"publish","type":"page","link":"https:\/\/www3.copenor.com.br\/index.php\/missaovisaovalores-e-diretrizes\/","title":{"rendered":"Empresa &#8211; Miss\u00e3o,Vis\u00e3o,Valores e Diretrizes"},"content":{"rendered":"\t\t<div data-elementor-type=\"wp-page\" data-elementor-id=\"133\" class=\"elementor elementor-133\">\n\t\t\t\t\t\t<section class=\"elementor-section elementor-top-section elementor-element elementor-element-1b15eb0 elementor-section-boxed elementor-section-height-default elementor-section-height-default\" data-id=\"1b15eb0\" data-element_type=\"section\" data-e-type=\"section\">\n\t\t\t\t\t\t<div class=\"elementor-container elementor-column-gap-default\">\n\t\t\t\t\t<div class=\"elementor-column elementor-col-100 elementor-top-column elementor-element elementor-element-cfe5b1c\" data-id=\"cfe5b1c\" data-element_type=\"column\" data-e-type=\"column\">\n\t\t\t<div class=\"elementor-widget-wrap elementor-element-populated\">\n\t\t\t\t\t\t\t<\/div>\n\t\t<\/div>\n\t\t\t\t\t<\/div>\n\t\t<\/section>\n\t\t\t\t<section class=\"elementor-section elementor-top-section elementor-element elementor-element-6b83272 elementor-section-boxed elementor-section-height-default elementor-section-height-default\" data-id=\"6b83272\" data-element_type=\"section\" data-e-type=\"section\">\n\t\t\t\t\t\t<div class=\"elementor-container elementor-column-gap-default\">\n\t\t\t\t\t<div class=\"elementor-column elementor-col-100 elementor-top-column elementor-element elementor-element-33250e4\" data-id=\"33250e4\" data-element_type=\"column\" data-e-type=\"column\">\n\t\t\t<div class=\"elementor-widget-wrap elementor-element-populated\">\n\t\t\t\t\t\t<div class=\"elementor-element elementor-element-9c2b0b0 elementor-widget elementor-widget-text-editor\" data-id=\"9c2b0b0\" data-element_type=\"widget\" data-e-type=\"widget\" data-widget_type=\"text-editor.default\">\n\t\t\t\t<div class=\"elementor-widget-container\">\n\t\t\t\t\t\t\t\t\t<ol><li><strong><span style=\"color: #000080;\">OBJETIVO<\/span><\/strong><br \/><span style=\"color: #000000;\">Estabelecer a Miss\u00e3o, a Vis\u00e3o, os Valores e as Diretrizes da COPENOR. Aplica-se a COPENOR.<br \/><\/span>\u00a0<\/li><li><strong><span style=\"color: #000080;\">DOCUMENTOS DE REFER\u00caNCIA<\/span><\/strong><br \/><span style=\"color: #000000;\">PSGI Pol\u00edtica de Gest\u00e3o da COPENOR<br \/><br \/><\/span><\/li><li><strong><span style=\"color: #000080;\">DEFINI\u00c7\u00d5ES E SIGLAS<\/span><\/strong><br \/><span style=\"color: #000000;\">N\u00e3o se aplica.<br \/><br \/><\/span><\/li><li><strong><span style=\"color: #000080;\">RESPONSABILIDADES<\/span><\/strong><br \/><span style=\"color: #000000;\">\u00c9 responsabilidade de todos os empregados e prestadores de servi\u00e7o da COPENOR colaborar para que <\/span><span style=\"color: #000000;\">a Miss\u00e3o, os Valores e as Diretrizes da COPENOR sejam cumpridos, a fim de que a Vis\u00e3o da <\/span><span style=\"color: #000000;\">COPENOR possa ser concretizada para o bem dos clientes, dos acionistas, dos empregados e <\/span><span style=\"color: #000000;\">prestadores de servi\u00e7o, dos fornecedores e da sociedade.<br \/><br \/><\/span><\/li><li><span style=\"color: #000000;\"><span style=\"color: #000080;\"><strong>DETALHAMENTO<br \/><\/strong><\/span><\/span><p><span style=\"color: #000080;\">5.1. <strong>Diretrizes para a Excel\u00eancia Operacional<br \/><\/strong><\/span><br \/><span style=\"color: #000000;\">Garantir que todas as instala\u00e7\u00f5es estejam projetadas, operadas, mantidas e administradas de forma <\/span><span style=\"color: #000000;\">segura, respeitando o meio ambiente e a sa\u00fade dos seus empregados, pois Seguran\u00e7a, Meio Ambiente <\/span><span style=\"color: #000000;\">e Sa\u00fade Ocupacional s\u00e3o valores primordiais em nossa empresa. <\/span><span style=\"color: #000000;\">Promover um ambiente favor\u00e1vel ao desenvolvimento de equipes na busca de um alto desempenho em <\/span><span style=\"color: #000000;\">Recursos Humanos, estimulando o conhecimento, a confian\u00e7a, o trabalho em equipe, o respeito m\u00fatuo e <\/span><span style=\"color: #000000;\">a transpar\u00eancia na comunica\u00e7\u00e3o, de modo que nossos empregados, motivados, contribuam para o \u00eaxito <\/span><span style=\"color: #000000;\">da empresa.<\/span><br \/><span style=\"color: #000000;\">Desenvolver a qualidade dos produtos com foco nos clientes. Buscar negocia\u00e7\u00e3o comercial com clientes <\/span><span style=\"color: #000000;\">e fornecedores visando ampliar a competitividade.<\/span><br \/><span style=\"color: #000000;\">Promover a atualiza\u00e7\u00e3o tecnol\u00f3gica das unidades industriais, com foco na otimiza\u00e7\u00e3o, melhoria na <\/span><span style=\"color: #000000;\">qualidade dos produtos e processos, propiciando menores custos de produ\u00e7\u00e3o.<\/span><br \/><span style=\"color: #000000;\">Promover a adequada gest\u00e3o das finan\u00e7as da Companhia, buscando a melhor estrutura de capital ao <\/span><span style=\"color: #000000;\">menor custo.<br \/><\/span><br \/><span style=\"color: #000080;\">5.2. <strong>C\u00f3digo de conduta<br \/><\/strong><\/span><br \/><span style=\"color: #000000;\">Proporcionar o melhor retorno ao acionista, buscando adequada remunera\u00e7\u00e3o de seu capital.<\/span><br \/><span style=\"color: #000000;\">Proteger nossos bens e dados empresariais confidenciais.<\/span><br \/><span style=\"color: #000000;\">Proteger informa\u00e7\u00f5es confidenciais de nossos clientes e fornecedores.<\/span><br \/><span style=\"color: #000000;\">Oferecer condi\u00e7\u00f5es para um ambiente de trabalho seguro, saud\u00e1vel e atrativo, e desenvolver e manter <\/span><span style=\"color: #000000;\">as melhores pr\u00e1ticas em gest\u00e3o de qualidade, seguran\u00e7a, meio ambiente e sa\u00fade ocupacional.<\/span><br \/><span style=\"color: #000000;\">Fornecer produtos com qualidade, dentro das especifica\u00e7\u00f5es, atendendo as normas ambientais e <\/span><span style=\"color: #000000;\">sempre respeitando os contratos.<\/span><br \/><span style=\"color: #000000;\">Manter canais de comunica\u00e7\u00e3o com a comunidade, informando sobre poss\u00edveis impactos significativos <\/span><span style=\"color: #000000;\">que venham a acontecer.<\/span><br \/><span style=\"color: #000000;\">Manter relacionamento com s\u00f3cios e investidores, proporcionando informa\u00e7\u00f5es consistentes e <\/span><span style=\"color: #000000;\">atualizadas sobre o desempenho da empresa.<br \/><\/span><br \/><span style=\"color: #000080;\">5.3. <strong>Miss\u00e3o da COPENOR<br \/><\/strong><\/span><br \/><span style=\"color: #000000;\">Produzir e distribuir produtos qu\u00edmicos, com \u00eanfase no metanol e seus derivados, bem como participar <\/span><span style=\"color: #000000;\">de neg\u00f3cios da cadeia desses produtos, de forma sustent\u00e1vel, com qualidade, seguran\u00e7a, <\/span><span style=\"color: #000000;\">responsabilidade social e ambiental.<br \/><\/span><br \/><span style=\"color: #000080;\">5.4. <strong>Valores da COPENOR<br \/><\/strong><\/span><br \/><span style=\"color: #000000;\">Atuar com \u00e9tica e respeito aos clientes, acionistas, fornecedores, empregados, governo e \u00e0 comunidade.<\/span><br \/><span style=\"color: #000000;\">Respeitar as quest\u00f5es ligadas \u00e0 sa\u00fade, seguran\u00e7a e meio ambiente.<\/span><br \/><span style=\"color: #000000;\">Ser socialmente respons\u00e1vel.<\/span><br \/><span style=\"color: #000000;\">Cultivar a compet\u00eancia t\u00e9cnica.<\/span><br \/><span style=\"color: #000000;\">Atuar de acordo com as melhores pr\u00e1ticas de governan\u00e7a corporativa.<\/span><br \/><span style=\"color: #000000;\">Cumprir a legisla\u00e7\u00e3o.<br \/><\/span><br \/><span style=\"color: #000080;\">5.5. <strong>Vis\u00e3o da COPENOR<br \/><\/strong><\/span><br \/><span style=\"color: #000000;\">A COPENOR ser\u00e1 supridora relevante de metanol e seus derivados no mercado brasileiro para os <\/span><span style=\"color: #000000;\">segmentos de biodiesel, agroneg\u00f3cios e qu\u00edmicos, de forma sustent\u00e1vel.<\/span><\/p><\/li><\/ol>\t\t\t\t\t\t\t\t<\/div>\n\t\t\t\t<\/div>\n\t\t\t\t\t<\/div>\n\t\t<\/div>\n\t\t\t\t\t<\/div>\n\t\t<\/section>\n\t\t\t\t<\/div>\n\t\t","protected":false},"excerpt":{"rendered":"<p>OBJETIVO Estabelecer a Miss\u00e3o, a Vis\u00e3o, os Valores e as Diretrizes da COPENOR. Aplica-se a COPENOR.&nbsp; DOCUMENTOS DE REFER\u00caNCIA PSGI Pol\u00edtica de Gest\u00e3o da COPENOR DEFINI\u00c7\u00d5ES E SIGLAS N\u00e3o se aplica. RESPONSABILIDADES \u00c9 responsabilidade de todos os empregados e prestadores de servi\u00e7o da COPENOR colaborar para que a Miss\u00e3o, os Valores e as Diretrizes da [&hellip;]<\/p>\n","protected":false},"author":4,"featured_media":0,"parent":0,"menu_order":0,"comment_status":"closed","ping_status":"closed","template":"elementor_header_footer","meta":{"ocean_post_layout":"","ocean_both_sidebars_style":"","ocean_both_sidebars_content_width":0,"ocean_both_sidebars_sidebars_width":0,"ocean_sidebar":"0","ocean_second_sidebar":"0","ocean_disable_margins":"enable","ocean_add_body_class":"","ocean_shortcode_before_top_bar":"","ocean_shortcode_after_top_bar":"","ocean_shortcode_before_header":"","ocean_shortcode_after_header":"","ocean_has_shortcode":"","ocean_shortcode_after_title":"","ocean_shortcode_before_footer_widgets":"","ocean_shortcode_after_footer_widgets":"","ocean_shortcode_before_footer_bottom":"","ocean_shortcode_after_footer_bottom":"","ocean_display_top_bar":"default","ocean_display_header":"default","ocean_header_style":"","ocean_center_header_left_menu":"0","ocean_custom_header_template":"0","ocean_custom_logo":0,"ocean_custom_retina_logo":0,"ocean_custom_logo_max_width":0,"ocean_custom_logo_tablet_max_width":0,"ocean_custom_logo_mobile_max_width":0,"ocean_custom_logo_max_height":0,"ocean_custom_logo_tablet_max_height":0,"ocean_custom_logo_mobile_max_height":0,"ocean_header_custom_menu":"0","ocean_menu_typo_font_family":"0","ocean_menu_typo_font_subset":"","ocean_menu_typo_font_size":0,"ocean_menu_typo_font_size_tablet":0,"ocean_menu_typo_font_size_mobile":0,"ocean_menu_typo_font_size_unit":"px","ocean_menu_typo_font_weight":"","ocean_menu_typo_font_weight_tablet":"","ocean_menu_typo_font_weight_mobile":"","ocean_menu_typo_transform":"","ocean_menu_typo_transform_tablet":"","ocean_menu_typo_transform_mobile":"","ocean_menu_typo_line_height":0,"ocean_menu_typo_line_height_tablet":0,"ocean_menu_typo_line_height_mobile":0,"ocean_menu_typo_line_height_unit":"","ocean_menu_typo_spacing":0,"ocean_menu_typo_spacing_tablet":0,"ocean_menu_typo_spacing_mobile":0,"ocean_menu_typo_spacing_unit":"","ocean_menu_link_color":"","ocean_menu_link_color_hover":"","ocean_menu_link_color_active":"","ocean_menu_link_background":"","ocean_menu_link_hover_background":"","ocean_menu_link_active_background":"","ocean_menu_social_links_bg":"","ocean_menu_social_hover_links_bg":"","ocean_menu_social_links_color":"","ocean_menu_social_hover_links_color":"","ocean_disable_title":"default","ocean_disable_heading":"default","ocean_post_title":"","ocean_post_subheading":"","ocean_post_title_style":"","ocean_post_title_background_color":"","ocean_post_title_background":0,"ocean_post_title_bg_image_position":"","ocean_post_title_bg_image_attachment":"","ocean_post_title_bg_image_repeat":"","ocean_post_title_bg_image_size":"","ocean_post_title_height":0,"ocean_post_title_bg_overlay":0.5,"ocean_post_title_bg_overlay_color":"","ocean_disable_breadcrumbs":"default","ocean_breadcrumbs_color":"","ocean_breadcrumbs_separator_color":"","ocean_breadcrumbs_links_color":"","ocean_breadcrumbs_links_hover_color":"","ocean_display_footer_widgets":"default","ocean_display_footer_bottom":"default","ocean_custom_footer_template":"0","footnotes":""},"class_list":["post-133","page","type-page","status-publish","hentry","entry"],"_links":{"self":[{"href":"https:\/\/www3.copenor.com.br\/index.php\/wp-json\/wp\/v2\/pages\/133","targetHints":{"allow":["GET"]}}],"collection":[{"href":"https:\/\/www3.copenor.com.br\/index.php\/wp-json\/wp\/v2\/pages"}],"about":[{"href":"https:\/\/www3.copenor.com.br\/index.php\/wp-json\/wp\/v2\/types\/page"}],"author":[{"embeddable":true,"href":"https:\/\/www3.copenor.com.br\/index.php\/wp-json\/wp\/v2\/users\/4"}],"replies":[{"embeddable":true,"href":"https:\/\/www3.copenor.com.br\/index.php\/wp-json\/wp\/v2\/comments?post=133"}],"version-history":[{"count":0,"href":"https:\/\/www3.copenor.com.br\/index.php\/wp-json\/wp\/v2\/pages\/133\/revisions"}],"wp:attachment":[{"href":"https:\/\/www3.copenor.com.br\/index.php\/wp-json\/wp\/v2\/media?parent=133"}],"curies":[{"name":"wp","href":"https:\/\/api.w.org\/{rel}","templated":true}]}}