{"id":138,"date":"2023-07-05T13:49:10","date_gmt":"2023-07-05T16:49:10","guid":{"rendered":"https:\/\/srvwww3.copenor.com.br\/?page_id=138"},"modified":"2023-08-23T08:57:43","modified_gmt":"2023-08-23T11:57:43","slug":"certificacoes","status":"publish","type":"page","link":"https:\/\/www3.copenor.com.br\/index.php\/certificacoes\/","title":{"rendered":"Empresa &#8211; SGI &#8211; Certifica\u00e7\u00f5es"},"content":{"rendered":"\t\t<div data-elementor-type=\"wp-page\" data-elementor-id=\"138\" class=\"elementor elementor-138\">\n\t\t\t\t\t\t<section class=\"elementor-section elementor-top-section elementor-element elementor-element-2ae5b6e elementor-section-boxed elementor-section-height-default elementor-section-height-default\" data-id=\"2ae5b6e\" data-element_type=\"section\" data-e-type=\"section\">\n\t\t\t\t\t\t<div class=\"elementor-container elementor-column-gap-default\">\n\t\t\t\t\t<div class=\"elementor-column elementor-col-100 elementor-top-column elementor-element elementor-element-de7deb0\" data-id=\"de7deb0\" data-element_type=\"column\" data-e-type=\"column\">\n\t\t\t<div class=\"elementor-widget-wrap elementor-element-populated\">\n\t\t\t\t\t\t<div class=\"elementor-element elementor-element-2aa763c elementor-widget elementor-widget-text-editor\" data-id=\"2aa763c\" data-element_type=\"widget\" data-e-type=\"widget\" data-widget_type=\"text-editor.default\">\n\t\t\t\t<div class=\"elementor-widget-container\">\n\t\t\t\t\t\t\t\t\t<p><span style=\"color: #000000;\">A Copenor \u2013 Companhia Petroqu\u00edmica do Nordeste \u00e9 uma empresa brasileira que direciona seus esfor\u00e7os buscando alcan\u00e7ar o n\u00edvel de excel\u00eancia de desempenho e de conduta \u00e9tica, dentro de um mercado cada vez mais competitivo e globalizado. Atuando de maneira socioambientalmente respons\u00e1vel a fim de galgar crescimento sustent\u00e1vel, a Copenor vem pautando suas a\u00e7\u00f5es visando atender aos requisitos dos seus clientes e acionistas, respeitando o meio ambiente, a sa\u00fade e a seguran\u00e7a dos seus empregados e prestadores de servi\u00e7o.<\/span><\/p><p><span style=\"color: #000000;\">Confirmando sua disposi\u00e7\u00e3o em atender aos princ\u00edpios e aos requisitos anteriormente citados, \u00e9 com orgulho que a Copenor mant\u00e9m desde 2007 a certifica\u00e7\u00e3o de seu Sistema de Gest\u00e3o Integrado \u2013 SGI, que engloba as normas\u00a0 <strong><span style=\"text-decoration: underline;\"><a href=\"https:\/\/www3.copenor.com.br\/wp-content\/uploads\/2023\/07\/COPENOR-Certificate-ISO-9001-BR038330-Item-1-8A3RCX9-Validade-19.06.2025.pdf\" target=\"_blank\" rel=\"noopener\"><span style=\"color: #000080; text-decoration: underline;\">ISO 9001:2015 \u2013 Sistema de Gest\u00e3o da Qualidade<\/span><\/a><\/span><\/strong>, <strong><span style=\"text-decoration: underline; color: #000080;\"><a style=\"color: #000080; text-decoration: underline;\" href=\"https:\/\/www3.copenor.com.br\/wp-content\/uploads\/2023\/07\/COPENOR-Certificate-ISO-14001-BR038331-Item-1-8A3RCXK-Validade-19.06.2025.pdf\" target=\"_blank\" rel=\"noopener\">ISO 14001:2015 \u2013 Sistema de Gest\u00e3o Ambiental<\/a><\/span><\/strong>\u00a0 e a <span style=\"text-decoration: underline;\"><a href=\"https:\/\/www3.copenor.com.br\/wp-content\/uploads\/2023\/07\/COPENOR-Certificate-ISO-45001-BR038332-Item-1-8A3RCXS-Validade-19.06.2025.pdf\" target=\"_blank\" rel=\"noopener\"><span style=\"color: #000080; text-decoration: underline;\"><strong>ISO 45001:2018 \u2013 Sistema de Gest\u00e3o de Sa\u00fade Seguran\u00e7a Ocupacional<\/strong><\/span><\/a><\/span>, submetendo-se a 02 auditorias externas por ano.<\/span><\/p><div><span style=\"color: #000000;\">O compromisso p\u00fablico com a melhoria cont\u00ednua de seu desempenho, firmado e divulgado pela COPENOR em sua Pol\u00edtica do Sistema de Gest\u00e3o Integrado, concretiza-se atrav\u00e9s das certifica\u00e7\u00f5es acima e demonstra a convic\u00e7\u00e3o de que novos objetivos ser\u00e3o alcan\u00e7ados estando sempre alinhado com as expectativas de nossos empregados, acionistas, clientes, fornecedores, governo e de toda a sociedade. Em Dezembro de 2020 a COPENOR recebeu o certificado da ISO 45001, norma internacional de gest\u00e3o de sa\u00fade e seguran\u00e7a ocupacional. A conquista \u00e9 um marco relevante para a companhia, que tamb\u00e9m \u00e9 certificada atrav\u00e9s das ISOs 9001 (Qualidade) e 14001 (Meio Ambiente). Em novembro de 2020 a COPENOR recebeu do INEMA sua Licen\u00e7a de Opera\u00e7\u00e3o, Portaria INEMA 21.663 de 16 de Novembro de 2020 com validade de 6 anos. Em mar\u00e7o de 2022 a COPENOR recebeu do INEMA sua Licen\u00e7a de Outorga de uso do Po\u00e7o, Portaria INEMA 25.625 de 25 de Mar\u00e7o de 2022 com validade de 4 anos.<\/span><\/div><div>\u00a0<\/div><div><p class=\"align-justify\"><span style=\"color: #000000;\">Informamos que a COPENOR \u2013 COMPANHIA PETROQU\u00cdMICA DO NORDESTE vem atrav\u00e9s desta informar \u00e0 todas as partes interessadas da mudan\u00e7a da certificadora de seu Sistema de Gest\u00e3o Integrado, substituindo a certificadora \u201cBSI Brasil\u201d para certificadora \u201cBVQI DO BRASIL SOCIEDADE CERTIFICADORA LTDA\u201d. Declaramos que a nova certificadora BVQI DO BRASIL SOCIEDADE CERTIFICADORA LTDA,\u00a0 estabelecida na Av Paulo VI 3244 &#8211; Sala 1022, Edif Coml.Thome de Souza &#8211; Pituba &#8211; Salvador\/BA &#8211; CEP: 41810-001, CNPJ: 72.368.012\/0007-70, realizou em 08\/06\/2022 a auditoria de transfer\u00eancia dos certificados do Sistema de Gest\u00e3o Integrada da COPENOR \u2013 COMPANHIA PETROQU\u00cdMICA DO NORDESTE, com base nas Normas NBR ISO 9001:2015, NBR ISO 14001:2015 e NBR ISO 45001:2018. Registramos com orgulho e satisfa\u00e7\u00e3o que a BVQI aprovou os relat\u00f3rios da auditoria de transfer\u00eancia para conceder \u00e0 COPENOR a certifica\u00e7\u00e3o do seu Sistema de Gest\u00e3o Integrado, que engloba as normas ISO 9001:2015 \u2013 Sistema de Gest\u00e3o da Qualidade, ISO 14001:2015 \u2013 Sistema de Gest\u00e3o Ambiental e ISO 45001:2018 \u2013 Sistema de Gest\u00e3o de Sa\u00fade e Seguran\u00e7a Ocupacional. A emiss\u00e3o dos novos certificados est\u00e1 em curso.<\/span><\/p><p>\u00a0<\/p><\/div>\t\t\t\t\t\t\t\t<\/div>\n\t\t\t\t<\/div>\n\t\t\t\t\t<\/div>\n\t\t<\/div>\n\t\t\t\t\t<\/div>\n\t\t<\/section>\n\t\t\t\t<\/div>\n\t\t","protected":false},"excerpt":{"rendered":"<p>A Copenor \u2013 Companhia Petroqu\u00edmica do Nordeste \u00e9 uma empresa brasileira que direciona seus esfor\u00e7os buscando alcan\u00e7ar o n\u00edvel de excel\u00eancia de desempenho e de conduta \u00e9tica, dentro de um mercado cada vez mais competitivo e globalizado. Atuando de maneira socioambientalmente respons\u00e1vel a fim de galgar crescimento sustent\u00e1vel, a Copenor vem pautando suas a\u00e7\u00f5es visando [&hellip;]<\/p>\n","protected":false},"author":4,"featured_media":0,"parent":0,"menu_order":0,"comment_status":"closed","ping_status":"closed","template":"elementor_header_footer","meta":{"ocean_post_layout":"","ocean_both_sidebars_style":"","ocean_both_sidebars_content_width":0,"ocean_both_sidebars_sidebars_width":0,"ocean_sidebar":"0","ocean_second_sidebar":"0","ocean_disable_margins":"enable","ocean_add_body_class":"","ocean_shortcode_before_top_bar":"","ocean_shortcode_after_top_bar":"","ocean_shortcode_before_header":"","ocean_shortcode_after_header":"","ocean_has_shortcode":"","ocean_shortcode_after_title":"","ocean_shortcode_before_footer_widgets":"","ocean_shortcode_after_footer_widgets":"","ocean_shortcode_before_footer_bottom":"","ocean_shortcode_after_footer_bottom":"","ocean_display_top_bar":"default","ocean_display_header":"default","ocean_header_style":"","ocean_center_header_left_menu":"0","ocean_custom_header_template":"0","ocean_custom_logo":0,"ocean_custom_retina_logo":0,"ocean_custom_logo_max_width":0,"ocean_custom_logo_tablet_max_width":0,"ocean_custom_logo_mobile_max_width":0,"ocean_custom_logo_max_height":0,"ocean_custom_logo_tablet_max_height":0,"ocean_custom_logo_mobile_max_height":0,"ocean_header_custom_menu":"0","ocean_menu_typo_font_family":"0","ocean_menu_typo_font_subset":"","ocean_menu_typo_font_size":0,"ocean_menu_typo_font_size_tablet":0,"ocean_menu_typo_font_size_mobile":0,"ocean_menu_typo_font_size_unit":"px","ocean_menu_typo_font_weight":"","ocean_menu_typo_font_weight_tablet":"","ocean_menu_typo_font_weight_mobile":"","ocean_menu_typo_transform":"","ocean_menu_typo_transform_tablet":"","ocean_menu_typo_transform_mobile":"","ocean_menu_typo_line_height":0,"ocean_menu_typo_line_height_tablet":0,"ocean_menu_typo_line_height_mobile":0,"ocean_menu_typo_line_height_unit":"","ocean_menu_typo_spacing":0,"ocean_menu_typo_spacing_tablet":0,"ocean_menu_typo_spacing_mobile":0,"ocean_menu_typo_spacing_unit":"","ocean_menu_link_color":"","ocean_menu_link_color_hover":"","ocean_menu_link_color_active":"","ocean_menu_link_background":"","ocean_menu_link_hover_background":"","ocean_menu_link_active_background":"","ocean_menu_social_links_bg":"","ocean_menu_social_hover_links_bg":"","ocean_menu_social_links_color":"","ocean_menu_social_hover_links_color":"","ocean_disable_title":"default","ocean_disable_heading":"default","ocean_post_title":"","ocean_post_subheading":"","ocean_post_title_style":"","ocean_post_title_background_color":"","ocean_post_title_background":0,"ocean_post_title_bg_image_position":"","ocean_post_title_bg_image_attachment":"","ocean_post_title_bg_image_repeat":"","ocean_post_title_bg_image_size":"","ocean_post_title_height":0,"ocean_post_title_bg_overlay":0.5,"ocean_post_title_bg_overlay_color":"","ocean_disable_breadcrumbs":"default","ocean_breadcrumbs_color":"","ocean_breadcrumbs_separator_color":"","ocean_breadcrumbs_links_color":"","ocean_breadcrumbs_links_hover_color":"","ocean_display_footer_widgets":"default","ocean_display_footer_bottom":"default","ocean_custom_footer_template":"0","footnotes":""},"class_list":["post-138","page","type-page","status-publish","hentry","entry"],"_links":{"self":[{"href":"https:\/\/www3.copenor.com.br\/index.php\/wp-json\/wp\/v2\/pages\/138","targetHints":{"allow":["GET"]}}],"collection":[{"href":"https:\/\/www3.copenor.com.br\/index.php\/wp-json\/wp\/v2\/pages"}],"about":[{"href":"https:\/\/www3.copenor.com.br\/index.php\/wp-json\/wp\/v2\/types\/page"}],"author":[{"embeddable":true,"href":"https:\/\/www3.copenor.com.br\/index.php\/wp-json\/wp\/v2\/users\/4"}],"replies":[{"embeddable":true,"href":"https:\/\/www3.copenor.com.br\/index.php\/wp-json\/wp\/v2\/comments?post=138"}],"version-history":[{"count":18,"href":"https:\/\/www3.copenor.com.br\/index.php\/wp-json\/wp\/v2\/pages\/138\/revisions"}],"predecessor-version":[{"id":1087,"href":"https:\/\/www3.copenor.com.br\/index.php\/wp-json\/wp\/v2\/pages\/138\/revisions\/1087"}],"wp:attachment":[{"href":"https:\/\/www3.copenor.com.br\/index.php\/wp-json\/wp\/v2\/media?parent=138"}],"curies":[{"name":"wp","href":"https:\/\/api.w.org\/{rel}","templated":true}]}}