{"id":194,"date":"2023-07-05T15:29:09","date_gmt":"2023-07-05T18:29:09","guid":{"rendered":"https:\/\/srvwww3.copenor.com.br\/?page_id=194"},"modified":"2023-07-10T15:20:11","modified_gmt":"2023-07-10T18:20:11","slug":"formiato-de-sodio-informacoes-tecnicas","status":"publish","type":"page","link":"https:\/\/www3.copenor.com.br\/index.php\/formiato-de-sodio-informacoes-tecnicas\/","title":{"rendered":"Produtos &#8211; FORMIATO DE S\u00d3DIO &#8211; Informa\u00e7\u00f5es T\u00e9cnicas"},"content":{"rendered":"\t\t<div data-elementor-type=\"wp-page\" data-elementor-id=\"194\" class=\"elementor elementor-194\">\n\t\t\t\t\t\t<section class=\"elementor-section elementor-top-section elementor-element elementor-element-a617f95 elementor-section-boxed elementor-section-height-default elementor-section-height-default\" data-id=\"a617f95\" data-element_type=\"section\" data-e-type=\"section\">\n\t\t\t\t\t\t<div class=\"elementor-container elementor-column-gap-default\">\n\t\t\t\t\t<div class=\"elementor-column elementor-col-100 elementor-top-column elementor-element elementor-element-1255f54\" data-id=\"1255f54\" data-element_type=\"column\" data-e-type=\"column\">\n\t\t\t<div class=\"elementor-widget-wrap elementor-element-populated\">\n\t\t\t\t\t\t<div class=\"elementor-element elementor-element-b0d8896 elementor-widget elementor-widget-text-editor\" data-id=\"b0d8896\" data-element_type=\"widget\" data-e-type=\"widget\" data-widget_type=\"text-editor.default\">\n\t\t\t\t<div class=\"elementor-widget-container\">\n\t\t\t\t\t\t\t\t\t<p><span style=\"color: #000080;\"><strong>Apresenta\u00e7\u00e3o<\/strong><\/span><\/p><p><span style=\"color: #000000;\">O Formiato de S\u00f3dio \u00e9 um subproduto da fabrica\u00e7\u00e3o do Pentaeritritol, submetido a um processo de purifica\u00e7\u00e3o para obten\u00e7\u00e3o de um produto comercial.<\/span><\/p><p><span style=\"color: #000000;\">Apresenta-se na forma de p\u00f3 cristalino, branco, higrosc\u00f3pico e leve odor de \u00e1cido f\u00f3rmico.<\/span><\/p><p><span style=\"color: #000080;\"><strong>Aplica\u00e7\u00f5es<\/strong><\/span><\/p><p><span style=\"color: #000080;\"><em><strong>Ind\u00fastria qu\u00edmica<\/strong><\/em><\/span><\/p><p><span style=\"color: #000000;\">Na ind\u00fastria qu\u00edmica \u00e9 empregado como produto intermedi\u00e1rio na fabrica\u00e7\u00e3o de \u00e1cido f\u00f3rmico e ox\u00e1lico.<\/span><\/p><p><span style=\"color: #000080;\"><em><strong>Laborat\u00f3rios<\/strong><\/em><\/span><\/p><p><span style=\"color: #000000;\">Na qu\u00edmica anal\u00edtica \u00e9 utilizado para a precipita\u00e7\u00e3o de metais nobres.<\/span><\/p><p><span style=\"color: #000080;\"><em><strong>Ind\u00fastria t\u00eaxtil e de papel<\/strong><\/em><\/span><\/p><p><span style=\"color: #000000;\">Na ind\u00fastria t\u00eaxtil e de papel, utiliza-se na fabrica\u00e7\u00e3o de hidrossulfato de s\u00f3dio, o qual \u00e9 um agente redutor para tingimento e branqueamento de fibras. Utiliza-se tamb\u00e9m na impress\u00e3o de tecidos.<\/span><\/p><p><span style=\"color: #000080;\"><em><strong>Ind\u00fastria de couro<\/strong><\/em><\/span><\/p><p><span style=\"color: #000000;\">Na ind\u00fastria de couro \u00e9 usado nos processos de curtimento ao cromo, como mascarante e tamb\u00e9m na neutraliza\u00e7\u00e3o (recurtimento) e p\u00edquel.<\/span><br \/><span style=\"color: #000000;\">No curtimento, a velocidade e a uniformidade s\u00e3o maiores utilizando-se o formiato de s\u00f3dio, proporcionando assim maior rendimento por \u00e1rea atingida e melhorando as propriedades f\u00edsicas do couro.<\/span><\/p><p><span style=\"color: #000080;\"><em><strong>Meio ambiente<\/strong><\/em><\/span><\/p><p><span style=\"color: #000000;\">Com rela\u00e7\u00e3o ao meio ambiente, utiliza-se as solu\u00e7\u00f5es aquosas de formiato de s\u00f3dio para absorver o Anidrido Sulfuroso dos gases de chamin\u00e9s, particularmente em plantas termoel\u00e9tricas.<\/span><\/p><p><span style=\"color: #000080;\"><strong>Especifica\u00e7\u00f5es<\/strong><\/span><\/p><p><span style=\"color: #000080;\"><strong>1 &#8211; Identifica\u00e7\u00e3o do produto<\/strong><\/span><\/p><table border=\"0\" width=\"589\" cellpadding=\"0\"><tbody><tr><td width=\"10\"><span style=\"color: #000000;\">Nome do Produto:<\/span><\/td><td width=\"426\"><span style=\"color: #000000;\">Formiato de S\u00f3dio<\/span><\/td><\/tr><tr><td><span style=\"color: #000000;\">F\u00f3rmula Qu\u00edmica:<\/span><\/td><td width=\"426\"><span style=\"color: #000000;\">HCOONa<\/span><\/td><\/tr><tr><td><span style=\"color: #000000;\">Peso Molecular:<\/span><\/td><td width=\"426\"><span style=\"color: #000000;\">68,0<\/span><\/td><\/tr><tr><td><span style=\"color: #000000;\">CAS N\u00ba.:<\/span><\/td><td width=\"426\"><span style=\"color: #000000;\">141-53-7<\/span><\/td><\/tr><tr><td><span style=\"color: #000000;\">Merck Index:<\/span><\/td><td width=\"426\"><span style=\"color: #000000;\">12, 8694<\/span><\/td><\/tr><tr><td><span style=\"color: #000000;\">ONU N\u00ba.:<\/span><\/td><td width=\"426\"><span style=\"color: #000000;\">N\u00e3o classificado<\/span><\/td><\/tr><tr><td><span style=\"color: #000000;\">EINECS:<\/span><\/td><td width=\"426\"><span style=\"color: #000000;\">205-488-0<\/span><\/td><\/tr><tr><td><span style=\"color: #000000;\">Sin\u00f4nimos Comuns:<\/span><\/td><td width=\"426\"><span style=\"color: #000000;\">Metanoato de S\u00f3dio.<\/span><\/td><\/tr><\/tbody><\/table><p><span style=\"color: #000080;\"><strong>2 &#8211; Propriedades qu\u00edmicas (valores de especifica\u00e7\u00e3o)<\/strong><\/span><\/p><p><span style=\"color: #000000;\">As informa\u00e7\u00f5es sobre especifica\u00e7\u00e3o do produto devem ser consultadas com a \u00e1rea Comercial da Empresa.<\/span><\/p><p><span style=\"color: #000080;\"><strong>3 &#8211; Propriedades f\u00edsicas (informativas)<\/strong><\/span><\/p><table border=\"0\" width=\"589\" cellpadding=\"0\"><tbody><tr><td><span style=\"color: #000000;\">3.1<\/span><\/td><td width=\"2500\"><span style=\"color: #000000;\">Temperatura de fus\u00e3o<\/span><\/td><td width=\"10000\"><span style=\"color: #000000;\">253 \u00baC<\/span><\/td><\/tr><tr><td><span style=\"color: #000000;\">3.2<\/span><\/td><td width=\"276\"><span style=\"color: #000000;\">Densidade (H<sub>2<\/sub>O=1 @ 20 \u00baC)<\/span><\/td><td width=\"281\"><span style=\"color: #000000;\">1,92<\/span><\/td><\/tr><tr><td><span style=\"color: #000000;\">3.3<\/span><\/td><td width=\"276\"><span style=\"color: #000000;\">Densidade Aparente<\/span><\/td><td width=\"281\"><span style=\"color: #000000;\">1,30 Kg\/l<\/span><\/td><\/tr><tr><td><span style=\"color: #000000;\">3.4<\/span><\/td><td width=\"276\"><span style=\"color: #000000;\">Solubilidade (H<sub>2<\/sub>O)<\/span><\/td><td width=\"281\"><span style=\"color: #000000;\">97 g\/100 ml H<sub>2<\/sub>O @ 20 \u00baC<\/span><\/td><\/tr><tr><td valign=\"top\"><span style=\"color: #000000;\">3.5<\/span><\/td><td valign=\"top\" width=\"276\"><span style=\"color: #000000;\">Apar\u00eancia e odor<\/span><\/td><td width=\"281\"><span style=\"color: #000000;\">P\u00f3 branco cristalino, higrosc\u00f3pico, com leve odor de \u00e1cido f\u00f3rmico.<\/span><\/td><\/tr><\/tbody><\/table><p><span style=\"color: #000080;\"><strong>4 &#8211; Embalagem<\/strong><\/span><\/p><table border=\"0\" cellpadding=\"0\"><tbody><tr><td><span style=\"color: #000000;\">4.1<\/span><\/td><td width=\"2500\"><span style=\"color: #000000;\">Sacos pl\u00e1sticos 25 kg em pallets com 1000 kg<\/span><\/td><\/tr><\/tbody><\/table>\t\t\t\t\t\t\t\t<\/div>\n\t\t\t\t<\/div>\n\t\t\t\t\t<\/div>\n\t\t<\/div>\n\t\t\t\t\t<\/div>\n\t\t<\/section>\n\t\t\t\t<\/div>\n\t\t","protected":false},"excerpt":{"rendered":"<p>Apresenta\u00e7\u00e3o O Formiato de S\u00f3dio \u00e9 um subproduto da fabrica\u00e7\u00e3o do Pentaeritritol, submetido a um processo de purifica\u00e7\u00e3o para obten\u00e7\u00e3o de um produto comercial. Apresenta-se na forma de p\u00f3 cristalino, branco, higrosc\u00f3pico e leve odor de \u00e1cido f\u00f3rmico. Aplica\u00e7\u00f5es Ind\u00fastria qu\u00edmica Na ind\u00fastria qu\u00edmica \u00e9 empregado como produto intermedi\u00e1rio na fabrica\u00e7\u00e3o de \u00e1cido f\u00f3rmico e [&hellip;]<\/p>\n","protected":false},"author":4,"featured_media":0,"parent":0,"menu_order":0,"comment_status":"closed","ping_status":"closed","template":"elementor_header_footer","meta":{"ocean_post_layout":"","ocean_both_sidebars_style":"","ocean_both_sidebars_content_width":0,"ocean_both_sidebars_sidebars_width":0,"ocean_sidebar":"0","ocean_second_sidebar":"0","ocean_disable_margins":"enable","ocean_add_body_class":"","ocean_shortcode_before_top_bar":"","ocean_shortcode_after_top_bar":"","ocean_shortcode_before_header":"","ocean_shortcode_after_header":"","ocean_has_shortcode":"","ocean_shortcode_after_title":"","ocean_shortcode_before_footer_widgets":"","ocean_shortcode_after_footer_widgets":"","ocean_shortcode_before_footer_bottom":"","ocean_shortcode_after_footer_bottom":"","ocean_display_top_bar":"default","ocean_display_header":"default","ocean_header_style":"","ocean_center_header_left_menu":"0","ocean_custom_header_template":"0","ocean_custom_logo":0,"ocean_custom_retina_logo":0,"ocean_custom_logo_max_width":0,"ocean_custom_logo_tablet_max_width":0,"ocean_custom_logo_mobile_max_width":0,"ocean_custom_logo_max_height":0,"ocean_custom_logo_tablet_max_height":0,"ocean_custom_logo_mobile_max_height":0,"ocean_header_custom_menu":"0","ocean_menu_typo_font_family":"0","ocean_menu_typo_font_subset":"","ocean_menu_typo_font_size":0,"ocean_menu_typo_font_size_tablet":0,"ocean_menu_typo_font_size_mobile":0,"ocean_menu_typo_font_size_unit":"px","ocean_menu_typo_font_weight":"","ocean_menu_typo_font_weight_tablet":"","ocean_menu_typo_font_weight_mobile":"","ocean_menu_typo_transform":"","ocean_menu_typo_transform_tablet":"","ocean_menu_typo_transform_mobile":"","ocean_menu_typo_line_height":0,"ocean_menu_typo_line_height_tablet":0,"ocean_menu_typo_line_height_mobile":0,"ocean_menu_typo_line_height_unit":"","ocean_menu_typo_spacing":0,"ocean_menu_typo_spacing_tablet":0,"ocean_menu_typo_spacing_mobile":0,"ocean_menu_typo_spacing_unit":"","ocean_menu_link_color":"","ocean_menu_link_color_hover":"","ocean_menu_link_color_active":"","ocean_menu_link_background":"","ocean_menu_link_hover_background":"","ocean_menu_link_active_background":"","ocean_menu_social_links_bg":"","ocean_menu_social_hover_links_bg":"","ocean_menu_social_links_color":"","ocean_menu_social_hover_links_color":"","ocean_disable_title":"default","ocean_disable_heading":"default","ocean_post_title":"","ocean_post_subheading":"","ocean_post_title_style":"","ocean_post_title_background_color":"","ocean_post_title_background":0,"ocean_post_title_bg_image_position":"","ocean_post_title_bg_image_attachment":"","ocean_post_title_bg_image_repeat":"","ocean_post_title_bg_image_size":"","ocean_post_title_height":0,"ocean_post_title_bg_overlay":0.5,"ocean_post_title_bg_overlay_color":"","ocean_disable_breadcrumbs":"default","ocean_breadcrumbs_color":"","ocean_breadcrumbs_separator_color":"","ocean_breadcrumbs_links_color":"","ocean_breadcrumbs_links_hover_color":"","ocean_display_footer_widgets":"default","ocean_display_footer_bottom":"default","ocean_custom_footer_template":"0","footnotes":""},"class_list":["post-194","page","type-page","status-publish","hentry","entry"],"_links":{"self":[{"href":"https:\/\/www3.copenor.com.br\/index.php\/wp-json\/wp\/v2\/pages\/194","targetHints":{"allow":["GET"]}}],"collection":[{"href":"https:\/\/www3.copenor.com.br\/index.php\/wp-json\/wp\/v2\/pages"}],"about":[{"href":"https:\/\/www3.copenor.com.br\/index.php\/wp-json\/wp\/v2\/types\/page"}],"author":[{"embeddable":true,"href":"https:\/\/www3.copenor.com.br\/index.php\/wp-json\/wp\/v2\/users\/4"}],"replies":[{"embeddable":true,"href":"https:\/\/www3.copenor.com.br\/index.php\/wp-json\/wp\/v2\/comments?post=194"}],"version-history":[{"count":0,"href":"https:\/\/www3.copenor.com.br\/index.php\/wp-json\/wp\/v2\/pages\/194\/revisions"}],"wp:attachment":[{"href":"https:\/\/www3.copenor.com.br\/index.php\/wp-json\/wp\/v2\/media?parent=194"}],"curies":[{"name":"wp","href":"https:\/\/api.w.org\/{rel}","templated":true}]}}