{"id":203,"date":"2023-07-05T15:33:26","date_gmt":"2023-07-05T18:33:26","guid":{"rendered":"https:\/\/srvwww3.copenor.com.br\/?page_id=203"},"modified":"2025-04-04T16:12:09","modified_gmt":"2025-04-04T19:12:09","slug":"formiato-de-sodio-informacoes-de-seguranca","status":"publish","type":"page","link":"https:\/\/www3.copenor.com.br\/index.php\/formiato-de-sodio-informacoes-de-seguranca\/","title":{"rendered":"Produtos &#8211; FORMIATO DE S\u00d3DIO &#8211; Informa\u00e7\u00f5es de Seguran\u00e7a"},"content":{"rendered":"\t\t<div data-elementor-type=\"wp-page\" data-elementor-id=\"203\" class=\"elementor elementor-203\">\n\t\t\t\t\t\t<section class=\"elementor-section elementor-top-section elementor-element elementor-element-1146184 elementor-section-boxed elementor-section-height-default elementor-section-height-default\" data-id=\"1146184\" data-element_type=\"section\" data-e-type=\"section\">\n\t\t\t\t\t\t<div class=\"elementor-container elementor-column-gap-default\">\n\t\t\t\t\t<div class=\"elementor-column elementor-col-100 elementor-top-column elementor-element elementor-element-c5d5d27\" data-id=\"c5d5d27\" data-element_type=\"column\" data-e-type=\"column\">\n\t\t\t<div class=\"elementor-widget-wrap elementor-element-populated\">\n\t\t\t\t\t\t<div class=\"elementor-element elementor-element-28e89e3 elementor-widget elementor-widget-text-editor\" data-id=\"28e89e3\" data-element_type=\"widget\" data-e-type=\"widget\" data-widget_type=\"text-editor.default\">\n\t\t\t\t<div class=\"elementor-widget-container\">\n\t\t\t\t\t\t\t\t\t<p><span style=\"color: #000080;\"><strong>Estocagem \/ Manuseio<\/strong><\/span><\/p><p><span style=\"color: #000000;\">Estocar em local seco e fresco, j\u00e1 que o material \u00e9 higrosc\u00f3pico. Recomenda-se o uso de luvas de PVC\u00a0e \u00f3culos de seguran\u00e7a.<\/span><\/p><p><strong><span style=\"color: #000080;\">Toxicologia:<\/span><\/strong><\/p><p><span style=\"color: #000080;\"><strong>Efeito sobre a pele<\/strong><\/span>: <span style=\"color: #000000;\">O Formiato de S\u00f3dio n\u00e3o \u00e9 considerado um produto t\u00f3xico ou perigoso. Apenas em grandes concentra\u00e7\u00f5es poder\u00e1 causar irrita\u00e7\u00f5es. A inala\u00e7\u00e3o e o contato prolongado com a pele tamb\u00e9m pode ser prejudicial.<\/span><\/p><p><span style=\"color: #000080;\"><strong>Ingest\u00e3o ou inala\u00e7\u00e3o<\/strong><\/span>: <span style=\"color: #000000;\">Pode ser nocivo no caso de ingest\u00e3o em grandes quantidades. A inala\u00e7\u00e3o, tamb\u00e9m pode ser prejudicial.<\/span><\/p><p><span style=\"color: #000080;\"><strong>Efeito sobre os olhos<\/strong><\/span>: <span style=\"color: #000000;\">O contato prolongado com os olhos tamb\u00e9m pode ser prejudicial.<\/span><\/p><p><span style=\"color: #000080;\"><strong>FDS<\/strong><\/span>\u00a0&#8211; <span style=\"color: #000000;\">Ficha de Dados de Seguran\u00e7a (Formiato de S\u00f3dio)<\/span><\/p><p><span style=\"color: #000000;\">Obs.: Solicitar FDS para \u00e1rea Comercial da COPENOR.<\/span><\/p>\t\t\t\t\t\t\t\t<\/div>\n\t\t\t\t<\/div>\n\t\t\t\t\t<\/div>\n\t\t<\/div>\n\t\t\t\t\t<\/div>\n\t\t<\/section>\n\t\t\t\t<\/div>\n\t\t","protected":false},"excerpt":{"rendered":"<p>Estocagem \/ Manuseio Estocar em local seco e fresco, j\u00e1 que o material \u00e9 higrosc\u00f3pico. Recomenda-se o uso de luvas de PVC\u00a0e \u00f3culos de seguran\u00e7a. Toxicologia: Efeito sobre a pele: O Formiato de S\u00f3dio n\u00e3o \u00e9 considerado um produto t\u00f3xico ou perigoso. Apenas em grandes concentra\u00e7\u00f5es poder\u00e1 causar irrita\u00e7\u00f5es. A inala\u00e7\u00e3o e o contato prolongado [&hellip;]<\/p>\n","protected":false},"author":4,"featured_media":0,"parent":0,"menu_order":0,"comment_status":"closed","ping_status":"closed","template":"elementor_header_footer","meta":{"ocean_post_layout":"","ocean_both_sidebars_style":"","ocean_both_sidebars_content_width":0,"ocean_both_sidebars_sidebars_width":0,"ocean_sidebar":"0","ocean_second_sidebar":"0","ocean_disable_margins":"enable","ocean_add_body_class":"","ocean_shortcode_before_top_bar":"","ocean_shortcode_after_top_bar":"","ocean_shortcode_before_header":"","ocean_shortcode_after_header":"","ocean_has_shortcode":"","ocean_shortcode_after_title":"","ocean_shortcode_before_footer_widgets":"","ocean_shortcode_after_footer_widgets":"","ocean_shortcode_before_footer_bottom":"","ocean_shortcode_after_footer_bottom":"","ocean_display_top_bar":"default","ocean_display_header":"default","ocean_header_style":"","ocean_center_header_left_menu":"0","ocean_custom_header_template":"0","ocean_custom_logo":0,"ocean_custom_retina_logo":0,"ocean_custom_logo_max_width":0,"ocean_custom_logo_tablet_max_width":0,"ocean_custom_logo_mobile_max_width":0,"ocean_custom_logo_max_height":0,"ocean_custom_logo_tablet_max_height":0,"ocean_custom_logo_mobile_max_height":0,"ocean_header_custom_menu":"0","ocean_menu_typo_font_family":"0","ocean_menu_typo_font_subset":"","ocean_menu_typo_font_size":0,"ocean_menu_typo_font_size_tablet":0,"ocean_menu_typo_font_size_mobile":0,"ocean_menu_typo_font_size_unit":"px","ocean_menu_typo_font_weight":"","ocean_menu_typo_font_weight_tablet":"","ocean_menu_typo_font_weight_mobile":"","ocean_menu_typo_transform":"","ocean_menu_typo_transform_tablet":"","ocean_menu_typo_transform_mobile":"","ocean_menu_typo_line_height":0,"ocean_menu_typo_line_height_tablet":0,"ocean_menu_typo_line_height_mobile":0,"ocean_menu_typo_line_height_unit":"","ocean_menu_typo_spacing":0,"ocean_menu_typo_spacing_tablet":0,"ocean_menu_typo_spacing_mobile":0,"ocean_menu_typo_spacing_unit":"","ocean_menu_link_color":"","ocean_menu_link_color_hover":"","ocean_menu_link_color_active":"","ocean_menu_link_background":"","ocean_menu_link_hover_background":"","ocean_menu_link_active_background":"","ocean_menu_social_links_bg":"","ocean_menu_social_hover_links_bg":"","ocean_menu_social_links_color":"","ocean_menu_social_hover_links_color":"","ocean_disable_title":"default","ocean_disable_heading":"default","ocean_post_title":"","ocean_post_subheading":"","ocean_post_title_style":"","ocean_post_title_background_color":"","ocean_post_title_background":0,"ocean_post_title_bg_image_position":"","ocean_post_title_bg_image_attachment":"","ocean_post_title_bg_image_repeat":"","ocean_post_title_bg_image_size":"","ocean_post_title_height":0,"ocean_post_title_bg_overlay":0.5,"ocean_post_title_bg_overlay_color":"","ocean_disable_breadcrumbs":"default","ocean_breadcrumbs_color":"","ocean_breadcrumbs_separator_color":"","ocean_breadcrumbs_links_color":"","ocean_breadcrumbs_links_hover_color":"","ocean_display_footer_widgets":"default","ocean_display_footer_bottom":"default","ocean_custom_footer_template":"0","footnotes":""},"class_list":["post-203","page","type-page","status-publish","hentry","entry"],"_links":{"self":[{"href":"https:\/\/www3.copenor.com.br\/index.php\/wp-json\/wp\/v2\/pages\/203","targetHints":{"allow":["GET"]}}],"collection":[{"href":"https:\/\/www3.copenor.com.br\/index.php\/wp-json\/wp\/v2\/pages"}],"about":[{"href":"https:\/\/www3.copenor.com.br\/index.php\/wp-json\/wp\/v2\/types\/page"}],"author":[{"embeddable":true,"href":"https:\/\/www3.copenor.com.br\/index.php\/wp-json\/wp\/v2\/users\/4"}],"replies":[{"embeddable":true,"href":"https:\/\/www3.copenor.com.br\/index.php\/wp-json\/wp\/v2\/comments?post=203"}],"version-history":[{"count":18,"href":"https:\/\/www3.copenor.com.br\/index.php\/wp-json\/wp\/v2\/pages\/203\/revisions"}],"predecessor-version":[{"id":1354,"href":"https:\/\/www3.copenor.com.br\/index.php\/wp-json\/wp\/v2\/pages\/203\/revisions\/1354"}],"wp:attachment":[{"href":"https:\/\/www3.copenor.com.br\/index.php\/wp-json\/wp\/v2\/media?parent=203"}],"curies":[{"name":"wp","href":"https:\/\/api.w.org\/{rel}","templated":true}]}}