{"id":233,"date":"2023-07-05T15:54:01","date_gmt":"2023-07-05T18:54:01","guid":{"rendered":"https:\/\/srvwww3.copenor.com.br\/?page_id=233"},"modified":"2023-07-10T15:27:11","modified_gmt":"2023-07-10T18:27:11","slug":"pentaeritritol-informacoes-tecnicas","status":"publish","type":"page","link":"https:\/\/www3.copenor.com.br\/index.php\/pentaeritritol-informacoes-tecnicas\/","title":{"rendered":"Produtos &#8211; PENTAERITRITOL &#8211; Informa\u00e7\u00f5es T\u00e9cnicas"},"content":{"rendered":"\t\t<div data-elementor-type=\"wp-page\" data-elementor-id=\"233\" class=\"elementor elementor-233\">\n\t\t\t\t\t\t<section class=\"elementor-section elementor-top-section elementor-element elementor-element-3ceabce elementor-section-boxed elementor-section-height-default elementor-section-height-default\" data-id=\"3ceabce\" data-element_type=\"section\" data-e-type=\"section\">\n\t\t\t\t\t\t<div class=\"elementor-container elementor-column-gap-default\">\n\t\t\t\t\t<div class=\"elementor-column elementor-col-100 elementor-top-column elementor-element elementor-element-ca4d966\" data-id=\"ca4d966\" data-element_type=\"column\" data-e-type=\"column\">\n\t\t\t<div class=\"elementor-widget-wrap elementor-element-populated\">\n\t\t\t\t\t\t<div class=\"elementor-element elementor-element-1c608ca elementor-widget elementor-widget-text-editor\" data-id=\"1c608ca\" data-element_type=\"widget\" data-e-type=\"widget\" data-widget_type=\"text-editor.default\">\n\t\t\t\t<div class=\"elementor-widget-container\">\n\t\t\t\t\t\t\t\t\t<p><span style=\"color: #000080;\"><strong>Apresenta\u00e7\u00e3o<\/strong><\/span><\/p><p><span style=\"color: #000000;\">Apresenta-se na forma de p\u00f3 cristalino, branco, n\u00e3o higrosc\u00f3pico e inodoro, pouco sol\u00favel em \u00e1gua (55 g\/l a 15\u00baC), \u00e1lcoois e insol\u00favel em benzeno, tetracloreto de carbono.<\/span><\/p><p><span style=\"color: #000000;\">O Pentaeritritol cont\u00e9m uma estrutura cujos quatro grupos metil\u00f3is est\u00e3o simetricamente arranjados em torno de um \u00e1tomo central. O alto ponto de fus\u00e3o do composto, sua baixa solubilidade e a alta reatividade dos seus quatro grupos hidroxila s\u00e3o fun\u00e7\u00f5es da estrutura compacta e sim\u00e9trica da mol\u00e9cula. A configura\u00e7\u00e3o estrutural e a funcionalidade do Pentaeritritol, contendo quatro hidroxilas prim\u00e1rias, o transformam num membro \u00fanico da fam\u00edlia dos poli\u00f3is, apresentando facilidade de rea\u00e7\u00e3o e conferindo aos seus derivados maior resist\u00eancia ao calor, \u00e0 luz e \u00e0 umidade.<\/span><\/p><p><span style=\"color: #000080;\"><strong>Aplica\u00e7\u00f5es<\/strong><\/span><\/p><p><span style=\"color: #000080;\"><em><strong>Resinas<\/strong><\/em><\/span><\/p><p><span style=\"color: #000000;\">Grande parte do Pentaeritritol \u00e9 aplicada na produ\u00e7\u00e3o de resinas alqu\u00eddicas, utilizadas na formula\u00e7\u00e3o de tintas e vernizes, conferindo-lhes melhor ader\u00eancia, boa velocidade de secagem, durabilidade, resist\u00eancia \u00e0 umidade, ao calor e \u00e0 luz, estabilidade de cor e maior brilho. As resinas produzidas com Pentaeritritol possuem baixa redu\u00e7\u00e3o de viscosidade com sua dilui\u00e7\u00e3o. O Pentaeritritol melhora sensivelmente as caracter\u00edsticas dos \u00e9steres do tall oil, assim, vernizes produzidos com estes \u00e9steres apresentam maior velocidade de secagem e maior resist\u00eancia \u00e0 \u00e1gua e \u00e1lcalis. Al\u00e9m disto, o Pentaeritritol tamb\u00e9m \u00e9 utilizado na produ\u00e7\u00e3o de resinas de poli\u00e9ster, resinas fen\u00f3licas e maleicas.<\/span><\/p><p><span style=\"color: #000080;\"><em><strong>\u00d3leos sint\u00e9ticos e secantes<\/strong><\/em><\/span><\/p><p><span style=\"color: #000000;\">O Pentaeritritol apresenta excelente resultado quando utilizado na fabrica\u00e7\u00e3o destes produtos,conferindo superior propriedade de secagem nas suas caracter\u00edsticas de processamento e propriedade de filme. Quando comparados a \u00f3leos naturais, os \u00e9steres de Pentaeritritol polimerizam e secam com maior rapidez, contribuindo para a forma\u00e7\u00e3o de filmes mais duros e de maior durabilidade.<\/span><\/p><p><span style=\"color: #000080;\"><em><strong>Plastificantes e estabilizantes<\/strong><\/em><\/span><\/p><p><span style=\"color: #000000;\">Especialmente utilizado em compostos vin\u00edlicos, por sua excelente estabilidade ao calor e ao envelhecimento pela luz.<\/span><\/p><p><span style=\"color: #000080;\"><em><strong>Aditivo para lubrificantes<\/strong><\/em><\/span><\/p><p><span style=\"color: #000000;\">O Pentaeritritol \u00e9 utilizado na produ\u00e7\u00e3o de lubrificantes, especialmente aqueles que requerem alta estabilidade t\u00e9rmica, como aditivo para evitar a carboniza\u00e7\u00e3o e inibir a corros\u00e3o das partes expostas \u00e0 umidade. Os \u00e9steres de \u00e1cidos graxos de Pentaeritritol tamb\u00e9m s\u00e3o utilizados como lubrificantes, devido \u00e0 sua resist\u00eancia \u00e0 altas temperaturas.<\/span><\/p><p><span style=\"color: #000080;\"><em><strong>Explosivos<\/strong><\/em><\/span><\/p><p><span style=\"color: #000000;\">O Pentaeritritol \u00e9 utilizado para a produ\u00e7\u00e3o do Tetranitrato de Pentaeritritol (PETN). Devido ao alto poder explosivo, o PETN \u00e9 amplamente utilizado como explosivo militar e industrial. Ele \u00e9 raramente empregado individualmente, por\u00e9m, costuma ser usado como explosivo s\u00f3lido secund\u00e1rio.<\/span><\/p><p><span style=\"color: #000000;\">A Copenor reserva-se o direito de n\u00e3o comercializar este produto para aplica\u00e7\u00f5es em explosivos, quando isto infringir normas \u00e9ticas\u00a0ou legais do Brasil ou do pa\u00eds importador.<\/span><\/p><p><span style=\"color: #000080;\"><strong>Especifica\u00e7\u00e3o<\/strong><\/span><\/p><p><span style=\"color: #000080;\"><strong>1 &#8211; Identifica\u00e7\u00e3o do Produto<\/strong><\/span><\/p><table border=\"0\" width=\"608\" cellpadding=\"0\"><tbody><tr><td width=\"2500\"><span style=\"color: #000000;\">Nome do Produto:<\/span><\/td><td width=\"10000\"><span style=\"color: #000000;\">Pentaeritritol T\u00e9cnico<\/span><\/td><\/tr><tr><td><span style=\"color: #000000;\">F\u00f3rmula Qu\u00edmica:<\/span><\/td><td width=\"445\"><span style=\"color: #000000;\">C (CH<sub>2<\/sub>OH)<sub>4<\/sub><\/span><\/td><\/tr><tr><td><span style=\"color: #000000;\">Peso Molecular:<\/span><\/td><td width=\"445\"><span style=\"color: #000000;\">136,15<\/span><\/td><\/tr><tr><td><span style=\"color: #000000;\">CAS N\u00ba.:<\/span><\/td><td width=\"445\"><span style=\"color: #000000;\">115-77-5<\/span><\/td><\/tr><tr><td><span style=\"color: #000000;\">Merck Index:<\/span><\/td><td width=\"445\"><span style=\"color: #000000;\">12, 7182<\/span><\/td><\/tr><tr><td><span style=\"color: #000000;\">ONU N\u00ba.:<\/span><\/td><td width=\"445\"><span style=\"color: #000000;\">N\u00e3o classificado<\/span><\/td><\/tr><tr><td><span style=\"color: #000000;\">EINECS:<\/span><\/td><td width=\"445\"><span style=\"color: #000000;\">204-104-9<\/span><\/td><\/tr><tr><td><span style=\"color: #000000;\">Sin\u00f4nimos Comuns:<\/span><\/td><td width=\"445\"><span style=\"color: #000000;\">2,2-Bis-Hidroximetil-1,3-Propanodiol, Monopentaeritritol, Tetrametilolmetano, Tetrakis-hidroximetilmetano.<\/span><\/td><\/tr><\/tbody><\/table><p><span style=\"color: #000080;\"><strong>2 &#8211; Propriedades qu\u00edmicas (valores de especifica\u00e7\u00e3o)<\/strong><\/span><\/p><p><span style=\"color: #000000;\">As informa\u00e7\u00f5es sobre especifica\u00e7\u00e3o do produto devem ser consultadas com a \u00e1rea Comercial da Empresa.<\/span><\/p><p><span style=\"color: #000080;\"><strong>3 &#8211; Propriedades f\u00edsicas (informativas)<\/strong><\/span><\/p><table border=\"0\" cellpadding=\"0\"><tbody><tr><td><span style=\"color: #000000;\">3.1<\/span><\/td><td width=\"2500\"><span style=\"color: #000000;\">Temperatura de ebuli\u00e7\u00e3o<\/span><\/td><td width=\"10000\"><span style=\"color: #000000;\">276 \u00baC a 30mmHg<\/span><\/td><\/tr><tr><td><span style=\"color: #000000;\">3.2<\/span><\/td><td width=\"267\"><span style=\"color: #000000;\">Temperatura de fus\u00e3o<\/span><\/td><td width=\"265\"><span style=\"color: #000000;\">230 a 260 \u00b0C<\/span><\/td><\/tr><tr><td><span style=\"color: #000000;\">3.3<\/span><\/td><td width=\"267\"><span style=\"color: #000000;\">Densidade (H<sub>2<\/sub>O=1 @ 15 \u00baC)<\/span><\/td><td width=\"265\"><span style=\"color: #000000;\">1,397<\/span><\/td><\/tr><tr><td><span style=\"color: #000000;\">3.4<\/span><\/td><td width=\"267\"><span style=\"color: #000000;\">Densidade Aparente<\/span><\/td><td width=\"265\"><span style=\"color: #000000;\">720 Kg\/m<sup>3<\/sup><\/span><\/td><\/tr><tr><td><span style=\"color: #000000;\">3.5<\/span><\/td><td width=\"267\"><span style=\"color: #000000;\">Press\u00e3o de Vapor (mmHg)<\/span><\/td><td width=\"265\"><span style=\"color: #000000;\">&lt; 1 mm Hg a 20 \u00baC<\/span><\/td><\/tr><tr><td><span style=\"color: #000000;\">3.6<\/span><\/td><td width=\"267\"><span style=\"color: #000000;\">Solubilidade (H<sub>2<\/sub>O)<\/span><\/td><td width=\"265\"><span style=\"color: #000000;\">1 g\/ 18 ml H2O @ 15 \u00baC<\/span><\/td><\/tr><tr><td><span style=\"color: #000000;\">3.7<\/span><\/td><td width=\"267\"><span style=\"color: #000000;\">Apar\u00eancia e odor<\/span><\/td><td width=\"265\"><span style=\"color: #000000;\">S\u00f3lido, branco, sem odor.<\/span><\/td><\/tr><\/tbody><\/table><p><span style=\"color: #000080;\"><strong>4 &#8211; Embalagem<\/strong><\/span><\/p><table border=\"0\" cellpadding=\"0\"><tbody><tr><td><span style=\"color: #000000;\">4.1<\/span><\/td><td width=\"2500\"><span style=\"color: #000000;\">Saco de papel multifolhado 25 kg em pallets com 1250 kg<\/span><\/td><\/tr><tr><td><span style=\"color: #000000;\">4.2<\/span><\/td><td><span style=\"color: #000000;\">Big bag 500 kg<\/span><\/td><\/tr><tr><td><span style=\"color: #000000;\">4.3<\/span><\/td><td><span style=\"color: #000000;\">Big bag 1000 kg<\/span><\/td><\/tr><\/tbody><\/table>\t\t\t\t\t\t\t\t<\/div>\n\t\t\t\t<\/div>\n\t\t\t\t\t<\/div>\n\t\t<\/div>\n\t\t\t\t\t<\/div>\n\t\t<\/section>\n\t\t\t\t<\/div>\n\t\t","protected":false},"excerpt":{"rendered":"<p>Apresenta\u00e7\u00e3o Apresenta-se na forma de p\u00f3 cristalino, branco, n\u00e3o higrosc\u00f3pico e inodoro, pouco sol\u00favel em \u00e1gua (55 g\/l a 15\u00baC), \u00e1lcoois e insol\u00favel em benzeno, tetracloreto de carbono. O Pentaeritritol cont\u00e9m uma estrutura cujos quatro grupos metil\u00f3is est\u00e3o simetricamente arranjados em torno de um \u00e1tomo central. O alto ponto de fus\u00e3o do composto, sua baixa [&hellip;]<\/p>\n","protected":false},"author":4,"featured_media":0,"parent":0,"menu_order":0,"comment_status":"closed","ping_status":"closed","template":"elementor_header_footer","meta":{"ocean_post_layout":"","ocean_both_sidebars_style":"","ocean_both_sidebars_content_width":0,"ocean_both_sidebars_sidebars_width":0,"ocean_sidebar":"0","ocean_second_sidebar":"0","ocean_disable_margins":"enable","ocean_add_body_class":"","ocean_shortcode_before_top_bar":"","ocean_shortcode_after_top_bar":"","ocean_shortcode_before_header":"","ocean_shortcode_after_header":"","ocean_has_shortcode":"","ocean_shortcode_after_title":"","ocean_shortcode_before_footer_widgets":"","ocean_shortcode_after_footer_widgets":"","ocean_shortcode_before_footer_bottom":"","ocean_shortcode_after_footer_bottom":"","ocean_display_top_bar":"default","ocean_display_header":"default","ocean_header_style":"","ocean_center_header_left_menu":"0","ocean_custom_header_template":"0","ocean_custom_logo":0,"ocean_custom_retina_logo":0,"ocean_custom_logo_max_width":0,"ocean_custom_logo_tablet_max_width":0,"ocean_custom_logo_mobile_max_width":0,"ocean_custom_logo_max_height":0,"ocean_custom_logo_tablet_max_height":0,"ocean_custom_logo_mobile_max_height":0,"ocean_header_custom_menu":"0","ocean_menu_typo_font_family":"0","ocean_menu_typo_font_subset":"","ocean_menu_typo_font_size":0,"ocean_menu_typo_font_size_tablet":0,"ocean_menu_typo_font_size_mobile":0,"ocean_menu_typo_font_size_unit":"px","ocean_menu_typo_font_weight":"","ocean_menu_typo_font_weight_tablet":"","ocean_menu_typo_font_weight_mobile":"","ocean_menu_typo_transform":"","ocean_menu_typo_transform_tablet":"","ocean_menu_typo_transform_mobile":"","ocean_menu_typo_line_height":0,"ocean_menu_typo_line_height_tablet":0,"ocean_menu_typo_line_height_mobile":0,"ocean_menu_typo_line_height_unit":"","ocean_menu_typo_spacing":0,"ocean_menu_typo_spacing_tablet":0,"ocean_menu_typo_spacing_mobile":0,"ocean_menu_typo_spacing_unit":"","ocean_menu_link_color":"","ocean_menu_link_color_hover":"","ocean_menu_link_color_active":"","ocean_menu_link_background":"","ocean_menu_link_hover_background":"","ocean_menu_link_active_background":"","ocean_menu_social_links_bg":"","ocean_menu_social_hover_links_bg":"","ocean_menu_social_links_color":"","ocean_menu_social_hover_links_color":"","ocean_disable_title":"default","ocean_disable_heading":"default","ocean_post_title":"","ocean_post_subheading":"","ocean_post_title_style":"","ocean_post_title_background_color":"","ocean_post_title_background":0,"ocean_post_title_bg_image_position":"","ocean_post_title_bg_image_attachment":"","ocean_post_title_bg_image_repeat":"","ocean_post_title_bg_image_size":"","ocean_post_title_height":0,"ocean_post_title_bg_overlay":0.5,"ocean_post_title_bg_overlay_color":"","ocean_disable_breadcrumbs":"default","ocean_breadcrumbs_color":"","ocean_breadcrumbs_separator_color":"","ocean_breadcrumbs_links_color":"","ocean_breadcrumbs_links_hover_color":"","ocean_display_footer_widgets":"default","ocean_display_footer_bottom":"default","ocean_custom_footer_template":"0","footnotes":""},"class_list":["post-233","page","type-page","status-publish","hentry","entry"],"_links":{"self":[{"href":"https:\/\/www3.copenor.com.br\/index.php\/wp-json\/wp\/v2\/pages\/233","targetHints":{"allow":["GET"]}}],"collection":[{"href":"https:\/\/www3.copenor.com.br\/index.php\/wp-json\/wp\/v2\/pages"}],"about":[{"href":"https:\/\/www3.copenor.com.br\/index.php\/wp-json\/wp\/v2\/types\/page"}],"author":[{"embeddable":true,"href":"https:\/\/www3.copenor.com.br\/index.php\/wp-json\/wp\/v2\/users\/4"}],"replies":[{"embeddable":true,"href":"https:\/\/www3.copenor.com.br\/index.php\/wp-json\/wp\/v2\/comments?post=233"}],"version-history":[{"count":0,"href":"https:\/\/www3.copenor.com.br\/index.php\/wp-json\/wp\/v2\/pages\/233\/revisions"}],"wp:attachment":[{"href":"https:\/\/www3.copenor.com.br\/index.php\/wp-json\/wp\/v2\/media?parent=233"}],"curies":[{"name":"wp","href":"https:\/\/api.w.org\/{rel}","templated":true}]}}