{"id":468,"date":"2023-07-06T14:35:46","date_gmt":"2023-07-06T17:35:46","guid":{"rendered":"https:\/\/srvwww3.copenor.com.br\/?page_id=468"},"modified":"2023-07-10T15:28:10","modified_gmt":"2023-07-10T18:28:10","slug":"trabelhe-conosco","status":"publish","type":"page","link":"https:\/\/www3.copenor.com.br\/index.php\/trabelhe-conosco\/","title":{"rendered":"Contatos &#8211; Trabelhe conosco"},"content":{"rendered":"\t\t<div data-elementor-type=\"wp-page\" data-elementor-id=\"468\" class=\"elementor elementor-468\">\n\t\t\t\t\t\t<section class=\"elementor-section elementor-top-section elementor-element elementor-element-4354f52 elementor-section-boxed elementor-section-height-default elementor-section-height-default\" data-id=\"4354f52\" data-element_type=\"section\" data-e-type=\"section\">\n\t\t\t\t\t\t<div class=\"elementor-container elementor-column-gap-default\">\n\t\t\t\t\t<div class=\"elementor-column elementor-col-100 elementor-top-column elementor-element elementor-element-6139cb6\" data-id=\"6139cb6\" data-element_type=\"column\" data-e-type=\"column\">\n\t\t\t<div class=\"elementor-widget-wrap elementor-element-populated\">\n\t\t\t\t\t\t<div class=\"elementor-element elementor-element-c8f399c elementor-widget elementor-widget-text-editor\" data-id=\"c8f399c\" data-element_type=\"widget\" data-e-type=\"widget\" data-widget_type=\"text-editor.default\">\n\t\t\t\t<div class=\"elementor-widget-container\">\n\t\t\t\t\t\t\t\t\t<p>\n<div class=\"wpcf7 no-js\" id=\"wpcf7-f299-o1\" lang=\"pt-BR\" dir=\"ltr\" data-wpcf7-id=\"299\">\n<div class=\"screen-reader-response\"><p role=\"status\" aria-live=\"polite\" aria-atomic=\"true\"><\/p> <ul><\/ul><\/div>\n<form action=\"\/index.php\/wp-json\/wp\/v2\/pages\/468#wpcf7-f299-o1\" method=\"post\" class=\"wpcf7-form init\" aria-label=\"Formul\u00e1rios de contato\" enctype=\"multipart\/form-data\" novalidate=\"novalidate\" data-status=\"init\">\n<fieldset class=\"hidden-fields-container\"><input type=\"hidden\" name=\"_wpcf7\" value=\"299\" \/><input type=\"hidden\" name=\"_wpcf7_version\" value=\"6.1.5\" \/><input type=\"hidden\" name=\"_wpcf7_locale\" value=\"pt_BR\" \/><input type=\"hidden\" name=\"_wpcf7_unit_tag\" value=\"wpcf7-f299-o1\" \/><input type=\"hidden\" name=\"_wpcf7_container_post\" value=\"0\" \/><input type=\"hidden\" name=\"_wpcf7_posted_data_hash\" value=\"\" \/>\n<\/fieldset>\n<p><label> Nome: (obrigat\u00f3rio) <span class=\"wpcf7-form-control-wrap\" data-name=\"your-name\"><input size=\"40\" maxlength=\"400\" class=\"wpcf7-form-control wpcf7-text wpcf7-validates-as-required\" aria-required=\"true\" aria-invalid=\"false\" value=\"\" type=\"text\" name=\"your-name\" \/><\/span> <\/label>\n<\/p>\n<p><label> E-mail: (obrigat\u00f3rio) <span class=\"wpcf7-form-control-wrap\" data-name=\"your-email\"><input size=\"40\" maxlength=\"400\" class=\"wpcf7-form-control wpcf7-email wpcf7-validates-as-required wpcf7-text wpcf7-validates-as-email\" aria-required=\"true\" aria-invalid=\"false\" value=\"\" type=\"email\" name=\"your-email\" \/><\/span> <\/label>\n<\/p>\n<p><label> Telefone: (obrigat\u00f3rio) <span class=\"wpcf7-form-control-wrap\" data-name=\"Telefone\"><input size=\"40\" maxlength=\"400\" class=\"wpcf7-form-control wpcf7-tel wpcf7-validates-as-required wpcf7-text wpcf7-validates-as-tel\" aria-required=\"true\" aria-invalid=\"false\" value=\"\" type=\"tel\" name=\"Telefone\" \/><\/span> <\/label>\n<\/p>\n<p><label> Sexo: (obrigat\u00f3rio) <span class=\"wpcf7-form-control-wrap\" data-name=\"Sexo\"><select class=\"wpcf7-form-control wpcf7-select wpcf7-validates-as-required\" aria-required=\"true\" aria-invalid=\"false\" name=\"Sexo\"><option value=\"\">&#8212;Escolha uma op\u00e7\u00e3o&#8212;<\/option><option value=\"Masculino\">Masculino<\/option><option value=\"Feminino\">Feminino<\/option><\/select><\/span> <\/label>\n<\/p>\n<p><label> Estado civil: (obrigat\u00f3rio) <span class=\"wpcf7-form-control-wrap\" data-name=\"EstadoCivil\"><select class=\"wpcf7-form-control wpcf7-select wpcf7-validates-as-required\" aria-required=\"true\" aria-invalid=\"false\" name=\"EstadoCivil\"><option value=\"\">&#8212;Escolha uma op\u00e7\u00e3o&#8212;<\/option><option value=\"Casado(a)\">Casado(a)<\/option><option value=\"Divorciado(a)\">Divorciado(a)<\/option><option value=\"Solteiro(a)\">Solteiro(a)<\/option><option value=\"Vi\u00favo(a)\">Vi\u00favo(a)<\/option><\/select><\/span> <\/label>\n<\/p>\n<p><label> Pais: (obrigat\u00f3rio) <span class=\"wpcf7-form-control-wrap\" data-name=\"Pais\"><select class=\"wpcf7-form-control wpcf7-select wpcf7-validates-as-required\" aria-required=\"true\" aria-invalid=\"false\" name=\"Pais\"><option value=\"Brasil\">Brasil<\/option><\/select><\/span> <\/label>\n<\/p>\n<p><label> Estado: (obrigat\u00f3rio) <span class=\"wpcf7-form-control-wrap\" data-name=\"Estado\"><select class=\"wpcf7-form-control wpcf7-select wpcf7-validates-as-required\" aria-required=\"true\" aria-invalid=\"false\" name=\"Estado\"><option value=\"Bahia\">Bahia<\/option><option value=\"Acre\">Acre<\/option><option value=\"Alagoas\">Alagoas<\/option><option value=\"Amap\u00e1\">Amap\u00e1<\/option><option value=\"Amazonas\">Amazonas<\/option><option value=\"Cear\u00e1\">Cear\u00e1<\/option><option value=\"Distrito Federal\">Distrito Federal<\/option><option value=\"Espirito Santo\">Espirito Santo<\/option><option value=\"Goi\u00e1s\">Goi\u00e1s<\/option><option value=\"Maranh\u00e3o\">Maranh\u00e3o<\/option><option value=\"Mato Grosso\">Mato Grosso<\/option><option value=\"Mato Grosso do Sul\">Mato Grosso do Sul<\/option><option value=\"Minas Gerais\">Minas Gerais<\/option><option value=\"Par\u00e1\">Par\u00e1<\/option><option value=\"Para\u00edba\">Para\u00edba<\/option><option value=\"Paran\u00e1\">Paran\u00e1<\/option><option value=\"Pernambuco\">Pernambuco<\/option><option value=\"Piau\u00ed\">Piau\u00ed<\/option><option value=\"Rio de Janeiro\">Rio de Janeiro<\/option><option value=\"Rio Grande do Sul\">Rio Grande do Sul<\/option><option value=\"Rio Grande Norte\">Rio Grande Norte<\/option><option value=\"Rond\u00f4nia\">Rond\u00f4nia<\/option><option value=\"Roraima\">Roraima<\/option><option value=\"Santa Catarina\">Santa Catarina<\/option><option value=\"S\u00e3o Paulo\">S\u00e3o Paulo<\/option><option value=\"Sergipe\">Sergipe<\/option><option value=\"Tocantins\">Tocantins<\/option><\/select><\/span> <\/label>\n<\/p>\n<p><label> Cidade: (obrigat\u00f3rio) <span class=\"wpcf7-form-control-wrap\" data-name=\"Cidade\"><select class=\"wpcf7-form-control wpcf7-select wpcf7-validates-as-required\" aria-required=\"true\" aria-invalid=\"false\" name=\"Cidade\"><option value=\"Salvador\">Salvador<\/option><option value=\"Alagoinhas\">Alagoinhas<\/option><option value=\"Alcoba\u00e7a\">Alcoba\u00e7a<\/option><option value=\"Amargosa\">Amargosa<\/option><option value=\"Am\u00e9lia Rodrigues\">Am\u00e9lia Rodrigues<\/option><option value=\"Anag\u00e9\">Anag\u00e9<\/option><option value=\"Araci\">Araci<\/option><option value=\"Barra\">Barra<\/option><option value=\"Barra da Cho\u00e7a\">Barra da Cho\u00e7a<\/option><option value=\"Barra da Estiva\">Barra da Estiva<\/option><option value=\"Barreiras\">Barreiras<\/option><option value=\"Boa Nova\">Boa Nova<\/option><option value=\"Bom Jesus da Lapa\">Bom Jesus da Lapa<\/option><option value=\"Boquira\">Boquira<\/option><option value=\"Brumado\">Brumado<\/option><option value=\"Cachoeira\">Cachoeira<\/option><option value=\"Cacul\u00e9\">Cacul\u00e9<\/option><option value=\"Caetit\u00e9\">Caetit\u00e9<\/option><option value=\"Camacan\">Camacan<\/option><option value=\"Cama\u00e7ari\">Cama\u00e7ari<\/option><option value=\"Camamu\">Camamu<\/option><option value=\"Campo Formoso\">Campo Formoso<\/option><option value=\"Campos Alegre de Lourdes\">Campos Alegre de Lourdes<\/option><option value=\"Canavieiras\">Canavieiras<\/option><option value=\"Candeias\">Candeias<\/option><option value=\"C\u00e2ndido Sales\">C\u00e2ndido Sales<\/option><option value=\"Cansan\u00e7\u00e3o\">Cansan\u00e7\u00e3o<\/option><option value=\"Capim Grosso\">Capim Grosso<\/option><option value=\"Caravelas\">Caravelas<\/option><option value=\"Carinhanha\">Carinhanha<\/option><option value=\"Casa nova\">Casa nova<\/option><option value=\"Castro Alves\">Castro Alves<\/option><option value=\"Catu\">Catu<\/option><option value=\"C\u00edcero Dias\">C\u00edcero Dias<\/option><option value=\"Coaraci\">Coaraci<\/option><option value=\"Concei\u00e7\u00e3o do Coit\u00e9\">Concei\u00e7\u00e3o do Coit\u00e9<\/option><option value=\"Concei\u00e7\u00e3o do Jacu\u00edpe\">Concei\u00e7\u00e3o do Jacu\u00edpe<\/option><option value=\"Conde\">Conde<\/option><option value=\"Cora\u00e7\u00e3o de Maria\">Cora\u00e7\u00e3o de Maria<\/option><option value=\"Correntina\">Correntina<\/option><option value=\"Cruz das Almas\">Cruz das Almas<\/option><option value=\"Cura\u00e7\u00e1\">Cura\u00e7\u00e1<\/option><option value=\"Dias D\u2019\u00c1vila\">Dias D\u2019\u00c1vila<\/option><option value=\"Encruzilhada\">Encruzilhada<\/option><option value=\"Entre Rios\">Entre Rios<\/option><option value=\"Esplanada\">Esplanada<\/option><option value=\"Euclides da Cunha\">Euclides da Cunha<\/option><option value=\"Eun\u00e1polis\">Eun\u00e1polis<\/option><option value=\"Feira de Santana\">Feira de Santana<\/option><option value=\"Gandu\">Gandu<\/option><option value=\"Guanambi\">Guanambi<\/option><option value=\"Guaratinga\">Guaratinga<\/option><option value=\"Ia\u00e7u\">Ia\u00e7u<\/option><option value=\"Ibicara\u00ed\">Ibicara\u00ed<\/option><option value=\"Ibirataia\">Ibirataia<\/option><option value=\"Ibotirama\">Ibotirama<\/option><option value=\"Igua\u00ed\">Igua\u00ed<\/option><option value=\"Ilh\u00e9us\">Ilh\u00e9us<\/option><option value=\"Inhambupe\">Inhambupe<\/option><option value=\"Ipia\u00fa\">Ipia\u00fa<\/option><option value=\"Ipir\u00e1\">Ipir\u00e1<\/option><option value=\"Irar\u00e1\">Irar\u00e1<\/option><option value=\"Irec\u00ea\">Irec\u00ea<\/option><option value=\"Itabela\">Itabela<\/option><option value=\"Itaberaba\">Itaberaba<\/option><option value=\"Itabuna\">Itabuna<\/option><option value=\"Itamaraju\">Itamaraju<\/option><option value=\"Itamb\u00e9\">Itamb\u00e9<\/option><option value=\"Itaparica\">Itaparica<\/option><option value=\"Itapetinga\">Itapetinga<\/option><option value=\"Itapicuru\">Itapicuru<\/option><option value=\"Iti\u00faba\">Iti\u00faba<\/option><option value=\"Ituber\u00e1\">Ituber\u00e1<\/option><option value=\"Ituber\u00e1\">Ituber\u00e1<\/option><option value=\"Jacobina\">Jacobina<\/option><option value=\"Jaguaquara\">Jaguaquara<\/option><option value=\"Jaguarari\">Jaguarari<\/option><option value=\"Jequi\u00e9\">Jequi\u00e9<\/option><option value=\"Jeremoabo\">Jeremoabo<\/option><option value=\"Jeremoabo\">Jeremoabo<\/option><option value=\"Juazeiro\">Juazeiro<\/option><option value=\"Laje\">Laje<\/option><option value=\"Lap\u00e3o\">Lap\u00e3o<\/option><option value=\"Lauro de Freitas\">Lauro de Freitas<\/option><option value=\"Livramento de Nossa Senhora\">Livramento de Nossa Senhora<\/option><option value=\"Lu\u00eds Eduardo Magalh\u00e3es\">Lu\u00eds Eduardo Magalh\u00e3es<\/option><option value=\"Maca\u00fabas\">Maca\u00fabas<\/option><option value=\"Marac\u00e1s\">Marac\u00e1s<\/option><option value=\"Maragogipe\">Maragogipe<\/option><option value=\"Mata de S\u00e3o Jo\u00e3o\">Mata de S\u00e3o Jo\u00e3o<\/option><option value=\"Miguel Calmon\">Miguel Calmon<\/option><option value=\"Monte Santo\">Monte Santo<\/option><option value=\"Morro do Chap\u00e9u\">Morro do Chap\u00e9u<\/option><option value=\"Mucuri\">Mucuri<\/option><option value=\"Muritiba\">Muritiba<\/option><option value=\"Nazar\u00e9\">Nazar\u00e9<\/option><option value=\"Nova Soure\">Nova Soure<\/option><option value=\"Nova Vi\u00e7osa\">Nova Vi\u00e7osa<\/option><option value=\"Olindina\">Olindina<\/option><option value=\"Oliveira dos Brejinhos\">Oliveira dos Brejinhos<\/option><option value=\"Paratinga\">Paratinga<\/option><option value=\"Paripiranga\">Paripiranga<\/option><option value=\"Paulo Afonso\">Paulo Afonso<\/option><option value=\"Pil\u00e3o Arcado\">Pil\u00e3o Arcado<\/option><option value=\"Piritiba\">Piritiba<\/option><option value=\"Po\u00e7\u00f5es\">Po\u00e7\u00f5es<\/option><option value=\"Pojuca\">Pojuca<\/option><option value=\"Porto Seguro\">Porto Seguro<\/option><option value=\"Prado\">Prado<\/option><option value=\"Queimadas\">Queimadas<\/option><option value=\"Quijimgue\">Quijimgue<\/option><option value=\"Rafael Jambeiro\">Rafael Jambeiro<\/option><option value=\"Remanso\">Remanso<\/option><option value=\"Riach\u00e3o das Neves\">Riach\u00e3o das Neves<\/option><option value=\"Riach\u00e3o do Jacu\u00edpe\">Riach\u00e3o do Jacu\u00edpe<\/option><option value=\"Riacho de Santana\">Riacho de Santana<\/option><option value=\"Ribeira do Pombal\">Ribeira do Pombal<\/option><option value=\"Rio Real\">Rio Real<\/option><option value=\"Ruy Barbosa\">Ruy Barbosa<\/option><option value=\"Santa Cruz de Cabr\u00e1lia\">Santa Cruz de Cabr\u00e1lia<\/option><option value=\"Santa Maria da Vit\u00f3ria\">Santa Maria da Vit\u00f3ria<\/option><option value=\"Santa Rita de C\u00e1ssia\">Santa Rita de C\u00e1ssia<\/option><option value=\"Santaluz\">Santaluz<\/option><option value=\"Santana\">Santana<\/option><option value=\"Santo Amaro\">Santo Amaro<\/option><option value=\"Santo Ant\u00f4nio de Jesus\">Santo Ant\u00f4nio de Jesus<\/option><option value=\"Santo Estev\u00e3o\">Santo Estev\u00e3o<\/option><option value=\"S\u00e3o Francisco do Conde\">S\u00e3o Francisco do Conde<\/option><option value=\"S\u00e3o Gon\u00e7alo dos Campos\">S\u00e3o Gon\u00e7alo dos Campos<\/option><option value=\"S\u00e3o Sebasti\u00e3o do Pass\u00e9\">S\u00e3o Sebasti\u00e3o do Pass\u00e9<\/option><option value=\"Seabra\">Seabra<\/option><option value=\"Senhor do Bonfim\">Senhor do Bonfim<\/option><option value=\"Sento S\u00e9\">Sento S\u00e9<\/option><option value=\"Serra do Ramalho\">Serra do Ramalho<\/option><option value=\"Serrinha\">Serrinha<\/option><option value=\"Sim\u00f5es Filho\">Sim\u00f5es Filho<\/option><option value=\"Sobradinho\">Sobradinho<\/option><option value=\"Teixeira de Freitas\">Teixeira de Freitas<\/option><option value=\"Teofil\u00e2ndia\">Teofil\u00e2ndia<\/option><option value=\"Tucano\">Tucano<\/option><option value=\"Uau\u00e1\">Uau\u00e1<\/option><option value=\"Ubaitaba\">Ubaitaba<\/option><option value=\"Una\">Una<\/option><option value=\"Valen\u00e7a\">Valen\u00e7a<\/option><option value=\"Valente\">Valente<\/option><option value=\"Vera Cruz\">Vera Cruz<\/option><option value=\"Vit\u00f3ria da Conquista\">Vit\u00f3ria da Conquista<\/option><option value=\"Wenceslau Guimar\u00e3es\">Wenceslau Guimar\u00e3es<\/option><option value=\"Xique-Xique\">Xique-Xique<\/option><\/select><\/span> <\/label>\n<\/p>\n<p><label> \u00c1rea de Atua\u00e7\u00e3o: (obrigat\u00f3rio) <span class=\"wpcf7-form-control-wrap\" data-name=\"AreaAtuao\"><select class=\"wpcf7-form-control wpcf7-select wpcf7-validates-as-required\" aria-required=\"true\" aria-invalid=\"false\" name=\"AreaAtuao\"><option value=\"\">&#8212;Escolha uma op\u00e7\u00e3o&#8212;<\/option><option value=\"Administrativo\/ RH\">Administrativo\/ RH<\/option><option value=\"Comercial\">Comercial<\/option><option value=\"Contabilidade\">Contabilidade<\/option><option value=\"Est\u00e1gio (Geral)\">Est\u00e1gio (Geral)<\/option><option value=\"Financeiro\">Financeiro<\/option><option value=\"Industrial \/ Opera\u00e7\u00e3o\">Industrial \/ Opera\u00e7\u00e3o<\/option><option value=\"Jovem Aprendiz\">Jovem Aprendiz<\/option><option value=\"Laborat\u00f3rio\">Laborat\u00f3rio<\/option><option value=\"Manuten\u00e7\u00e3o\">Manuten\u00e7\u00e3o<\/option><option value=\"Seguran\u00e7a \/ Meio Ambiente \/ Sa\u00fade \/ SGI\">Seguran\u00e7a \/ Meio Ambiente \/ Sa\u00fade \/ SGI<\/option><option value=\"Suprimentos \/ Almoxarifado \/ Log\u00edstica\">Suprimentos \/ Almoxarifado \/ Log\u00edstica<\/option><option value=\"Tecnologia da Informa\u00e7\u00e3o\">Tecnologia da Informa\u00e7\u00e3o<\/option><\/select><\/span> <\/label>\n<\/p>\n<p><label> Tempo de Experi\u00eancia: (obrigat\u00f3rio) <span class=\"wpcf7-form-control-wrap\" data-name=\"TempoExperiencia\"><select class=\"wpcf7-form-control wpcf7-select wpcf7-validates-as-required\" aria-required=\"true\" aria-invalid=\"false\" name=\"TempoExperiencia\"><option value=\"\">&#8212;Escolha uma op\u00e7\u00e3o&#8212;<\/option><option value=\"At\u00e9 3 anos\">At\u00e9 3 anos<\/option><option value=\"De 4 a 8 anos\">De 4 a 8 anos<\/option><option value=\"De 9 a 15 anos\">De 9 a 15 anos<\/option><option value=\"Mais de 15 anos\">Mais de 15 anos<\/option><\/select><\/span> <\/label>\n<\/p>\n<p><label> Todos os dados contidos no formul\u00e1rio ser\u00e3o exclusivamente utilizados por recrutadores de candidatos a vagas na companhia, de acordo? (obrigat\u00f3rio) <span class=\"wpcf7-form-control-wrap\" data-name=\"Exclusividade\"><select class=\"wpcf7-form-control wpcf7-select wpcf7-validates-as-required\" aria-required=\"true\" aria-invalid=\"false\" name=\"Exclusividade\"><option value=\"\">&#8212;Escolha uma op\u00e7\u00e3o&#8212;<\/option><option value=\"Sim\">Sim<\/option><option value=\"N\u00e3o\">N\u00e3o<\/option><\/select><\/span> <\/label>\n<\/p>\n<p><label> Anexe o curriculo, tamanho m\u00e1ximo permitido: 1024Kb : (obrigat\u00f3rio) <span class=\"wpcf7-form-control-wrap\" data-name=\"Arquivo\"><input size=\"40\" class=\"wpcf7-form-control wpcf7-file wpcf7-validates-as-required\" accept=\".doc,.docx,.pdf,.txt\" aria-required=\"true\" aria-invalid=\"false\" type=\"file\" name=\"Arquivo\" \/><\/span> <\/label>\n<\/p>\n<p><input class=\"wpcf7-form-control wpcf7-submit has-spinner\" type=\"submit\" value=\"Enviar\" \/>\n<\/p><div class=\"wpcf7-response-output\" aria-hidden=\"true\"><\/div>\n<\/form>\n<\/div>\n<\/p>\t\t\t\t\t\t\t\t<\/div>\n\t\t\t\t<\/div>\n\t\t\t\t\t<\/div>\n\t\t<\/div>\n\t\t\t\t\t<\/div>\n\t\t<\/section>\n\t\t\t\t<\/div>\n\t\t","protected":false},"excerpt":{"rendered":"","protected":false},"author":4,"featured_media":0,"parent":0,"menu_order":0,"comment_status":"closed","ping_status":"closed","template":"elementor_header_footer","meta":{"ocean_post_layout":"","ocean_both_sidebars_style":"","ocean_both_sidebars_content_width":0,"ocean_both_sidebars_sidebars_width":0,"ocean_sidebar":"0","ocean_second_sidebar":"0","ocean_disable_margins":"enable","ocean_add_body_class":"","ocean_shortcode_before_top_bar":"","ocean_shortcode_after_top_bar":"","ocean_shortcode_before_header":"","ocean_shortcode_after_header":"","ocean_has_shortcode":"","ocean_shortcode_after_title":"","ocean_shortcode_before_footer_widgets":"","ocean_shortcode_after_footer_widgets":"","ocean_shortcode_before_footer_bottom":"","ocean_shortcode_after_footer_bottom":"","ocean_display_top_bar":"default","ocean_display_header":"default","ocean_header_style":"","ocean_center_header_left_menu":"0","ocean_custom_header_template":"0","ocean_custom_logo":0,"ocean_custom_retina_logo":0,"ocean_custom_logo_max_width":0,"ocean_custom_logo_tablet_max_width":0,"ocean_custom_logo_mobile_max_width":0,"ocean_custom_logo_max_height":0,"ocean_custom_logo_tablet_max_height":0,"ocean_custom_logo_mobile_max_height":0,"ocean_header_custom_menu":"0","ocean_menu_typo_font_family":"0","ocean_menu_typo_font_subset":"","ocean_menu_typo_font_size":0,"ocean_menu_typo_font_size_tablet":0,"ocean_menu_typo_font_size_mobile":0,"ocean_menu_typo_font_size_unit":"px","ocean_menu_typo_font_weight":"","ocean_menu_typo_font_weight_tablet":"","ocean_menu_typo_font_weight_mobile":"","ocean_menu_typo_transform":"","ocean_menu_typo_transform_tablet":"","ocean_menu_typo_transform_mobile":"","ocean_menu_typo_line_height":0,"ocean_menu_typo_line_height_tablet":0,"ocean_menu_typo_line_height_mobile":0,"ocean_menu_typo_line_height_unit":"","ocean_menu_typo_spacing":0,"ocean_menu_typo_spacing_tablet":0,"ocean_menu_typo_spacing_mobile":0,"ocean_menu_typo_spacing_unit":"","ocean_menu_link_color":"","ocean_menu_link_color_hover":"","ocean_menu_link_color_active":"","ocean_menu_link_background":"","ocean_menu_link_hover_background":"","ocean_menu_link_active_background":"","ocean_menu_social_links_bg":"","ocean_menu_social_hover_links_bg":"","ocean_menu_social_links_color":"","ocean_menu_social_hover_links_color":"","ocean_disable_title":"default","ocean_disable_heading":"default","ocean_post_title":"","ocean_post_subheading":"","ocean_post_title_style":"","ocean_post_title_background_color":"","ocean_post_title_background":0,"ocean_post_title_bg_image_position":"","ocean_post_title_bg_image_attachment":"","ocean_post_title_bg_image_repeat":"","ocean_post_title_bg_image_size":"","ocean_post_title_height":0,"ocean_post_title_bg_overlay":0.5,"ocean_post_title_bg_overlay_color":"","ocean_disable_breadcrumbs":"default","ocean_breadcrumbs_color":"","ocean_breadcrumbs_separator_color":"","ocean_breadcrumbs_links_color":"","ocean_breadcrumbs_links_hover_color":"","ocean_display_footer_widgets":"default","ocean_display_footer_bottom":"default","ocean_custom_footer_template":"0","footnotes":""},"class_list":["post-468","page","type-page","status-publish","hentry","entry"],"_links":{"self":[{"href":"https:\/\/www3.copenor.com.br\/index.php\/wp-json\/wp\/v2\/pages\/468","targetHints":{"allow":["GET"]}}],"collection":[{"href":"https:\/\/www3.copenor.com.br\/index.php\/wp-json\/wp\/v2\/pages"}],"about":[{"href":"https:\/\/www3.copenor.com.br\/index.php\/wp-json\/wp\/v2\/types\/page"}],"author":[{"embeddable":true,"href":"https:\/\/www3.copenor.com.br\/index.php\/wp-json\/wp\/v2\/users\/4"}],"replies":[{"embeddable":true,"href":"https:\/\/www3.copenor.com.br\/index.php\/wp-json\/wp\/v2\/comments?post=468"}],"version-history":[{"count":0,"href":"https:\/\/www3.copenor.com.br\/index.php\/wp-json\/wp\/v2\/pages\/468\/revisions"}],"wp:attachment":[{"href":"https:\/\/www3.copenor.com.br\/index.php\/wp-json\/wp\/v2\/media?parent=468"}],"curies":[{"name":"wp","href":"https:\/\/api.w.org\/{rel}","templated":true}]}}