{"id":7,"date":"2023-07-04T14:09:24","date_gmt":"2023-07-04T17:09:24","guid":{"rendered":"https:\/\/srvwww3.copenor.com.br\/?page_id=7"},"modified":"2023-07-04T14:23:35","modified_gmt":"2023-07-04T17:23:35","slug":"empresa","status":"publish","type":"page","link":"https:\/\/www3.copenor.com.br\/","title":{"rendered":"Empresa"},"content":{"rendered":"\t\t<div data-elementor-type=\"wp-page\" data-elementor-id=\"7\" class=\"elementor elementor-7\">\n\t\t\t\t\t\t<section class=\"elementor-section elementor-top-section elementor-element elementor-element-cfd6e92 elementor-section-boxed elementor-section-height-default elementor-section-height-default\" data-id=\"cfd6e92\" data-element_type=\"section\" data-e-type=\"section\">\n\t\t\t\t\t\t<div class=\"elementor-container elementor-column-gap-default\">\n\t\t\t\t\t<div class=\"elementor-column elementor-col-100 elementor-top-column elementor-element elementor-element-bb4f111\" data-id=\"bb4f111\" data-element_type=\"column\" data-e-type=\"column\">\n\t\t\t<div class=\"elementor-widget-wrap elementor-element-populated\">\n\t\t\t\t\t\t<div class=\"elementor-element elementor-element-f72b7aa elementor-widget elementor-widget-image-carousel\" data-id=\"f72b7aa\" data-element_type=\"widget\" data-e-type=\"widget\" data-settings=\"{&quot;navigation&quot;:&quot;none&quot;,&quot;lazyload&quot;:&quot;yes&quot;,&quot;autoplay&quot;:&quot;yes&quot;,&quot;pause_on_hover&quot;:&quot;yes&quot;,&quot;pause_on_interaction&quot;:&quot;yes&quot;,&quot;autoplay_speed&quot;:5000,&quot;infinite&quot;:&quot;yes&quot;,&quot;speed&quot;:500}\" data-widget_type=\"image-carousel.default\">\n\t\t\t\t<div class=\"elementor-widget-container\">\n\t\t\t\t\t\t\t<div class=\"elementor-image-carousel-wrapper swiper\" role=\"region\" aria-roledescription=\"carousel\" aria-label=\"Carrossel de imagens\" dir=\"ltr\">\n\t\t\t<div class=\"elementor-image-carousel swiper-wrapper\" aria-live=\"off\">\n\t\t\t\t\t\t\t\t<div class=\"swiper-slide\" role=\"group\" aria-roledescription=\"slide\" aria-label=\"1 de 6\"><figure class=\"swiper-slide-inner\"><img class=\"swiper-slide-image swiper-lazy\" data-src=\"https:\/\/www3.copenor.com.br\/wp-content\/uploads\/2023\/07\/Frame_5.jpg\" alt=\"Frame_5\" \/><div class=\"swiper-lazy-preloader\"><\/div><\/figure><\/div><div class=\"swiper-slide\" role=\"group\" aria-roledescription=\"slide\" aria-label=\"2 de 6\"><figure class=\"swiper-slide-inner\"><img class=\"swiper-slide-image swiper-lazy\" data-src=\"https:\/\/www3.copenor.com.br\/wp-content\/uploads\/2023\/07\/Frame_4.jpg\" alt=\"Frame_4\" \/><div class=\"swiper-lazy-preloader\"><\/div><\/figure><\/div><div class=\"swiper-slide\" role=\"group\" aria-roledescription=\"slide\" aria-label=\"3 de 6\"><figure class=\"swiper-slide-inner\"><img class=\"swiper-slide-image swiper-lazy\" data-src=\"https:\/\/www3.copenor.com.br\/wp-content\/uploads\/2023\/07\/Frame_3.jpg\" alt=\"Frame_3\" \/><div class=\"swiper-lazy-preloader\"><\/div><\/figure><\/div><div class=\"swiper-slide\" role=\"group\" aria-roledescription=\"slide\" aria-label=\"4 de 6\"><figure class=\"swiper-slide-inner\"><img class=\"swiper-slide-image swiper-lazy\" data-src=\"https:\/\/www3.copenor.com.br\/wp-content\/uploads\/2023\/07\/Frame_2.jpg\" alt=\"Frame_2\" \/><div class=\"swiper-lazy-preloader\"><\/div><\/figure><\/div><div class=\"swiper-slide\" role=\"group\" aria-roledescription=\"slide\" aria-label=\"5 de 6\"><figure class=\"swiper-slide-inner\"><img class=\"swiper-slide-image swiper-lazy\" data-src=\"https:\/\/www3.copenor.com.br\/wp-content\/uploads\/2023\/07\/Frame_1.jpg\" alt=\"Frame_1\" \/><div class=\"swiper-lazy-preloader\"><\/div><\/figure><\/div><div class=\"swiper-slide\" role=\"group\" aria-roledescription=\"slide\" aria-label=\"6 de 6\"><figure class=\"swiper-slide-inner\"><img class=\"swiper-slide-image swiper-lazy\" data-src=\"https:\/\/www3.copenor.com.br\/wp-content\/uploads\/2023\/07\/Frame_0.jpg\" alt=\"\" \/><div class=\"swiper-lazy-preloader\"><\/div><\/figure><\/div>\t\t\t<\/div>\n\t\t\t\t\t\t\t\n\t\t\t\t\t\t\t\t\t<\/div>\n\t\t\t\t\t\t<\/div>\n\t\t\t\t<\/div>\n\t\t\t\t\t<\/div>\n\t\t<\/div>\n\t\t\t\t\t<\/div>\n\t\t<\/section>\n\t\t\t\t<section class=\"elementor-section elementor-top-section elementor-element elementor-element-cd60f2e elementor-section-boxed elementor-section-height-default elementor-section-height-default\" data-id=\"cd60f2e\" data-element_type=\"section\" data-e-type=\"section\">\n\t\t\t\t\t\t<div class=\"elementor-container elementor-column-gap-default\">\n\t\t\t\t\t<div class=\"elementor-column elementor-col-100 elementor-top-column elementor-element elementor-element-8326b37\" data-id=\"8326b37\" data-element_type=\"column\" data-e-type=\"column\">\n\t\t\t<div class=\"elementor-widget-wrap elementor-element-populated\">\n\t\t\t\t\t\t<div class=\"elementor-element elementor-element-851bb7b elementor-widget elementor-widget-text-editor\" data-id=\"851bb7b\" data-element_type=\"widget\" data-e-type=\"widget\" data-widget_type=\"text-editor.default\">\n\t\t\t\t<div class=\"elementor-widget-container\">\n\t\t\t\t\t\t\t\t\t<p><span style=\"color: #000000;\">A METANOR &#8211; Metanol do Nordeste S.A. foi fundada em 1969 e iniciou a produ\u00e7\u00e3o de metanol em Cama\u00e7ari em 1976. Com o objetivo de substituir a importa\u00e7\u00e3o de alguns derivados do metanol, foi criada em 1979 a subsidi\u00e1ria COPENOR.<\/span><\/p><p><span style=\"color: #000000;\">A COPENOR COMPANHIA PETROQU\u00cdMICA DO NORDESTE iniciou suas atividades produtivas em 1979, tendo como meta principal substituir importa\u00e7\u00f5es de alguns derivados do Metanol, que at\u00e9 ent\u00e3o s\u00f3 chegavam ao pa\u00eds atrav\u00e9s de importa\u00e7\u00f5es.<\/span><\/p><p><span style=\"color: #000000;\">Em junho de 1984, a COPENOR teve seu controle acion\u00e1rio adquirido pela METANOR, atrav\u00e9s da compra de 22,72% das a\u00e7\u00f5es detidos pelo grupo japon\u00eas (Mitsubishi G\u00e1s Chemical).<\/span><\/p><p><span style=\"color: #000000;\">Com isto, a empresa tomou novo impulso, partindo para investimento na moderniza\u00e7\u00e3o de seus equipamentos, no aumento da capacidade de produ\u00e7\u00e3o e na amplia\u00e7\u00e3o do leque de produtos oferecidos ao mercado junto com a METANOR. O metanol e seus derivados s\u00e3o importantes mat\u00e9rias-primas ou insumos para os segmentos de biodiesel, chapas acr\u00edlicas, ind\u00fastria t\u00eaxtil, papel e celulose, aditivo de combust\u00edveis, herbicidas para a agricultura de soja transg\u00eanica, resinas de tintas e vernizes, resinas de madeira, ind\u00fastria de couro\/curtumes, componentes automotivos como lonas, pastilhas de freios, embreagens, produtos de borracha etc.<\/span><\/p><p><span style=\"color: #000000;\">A atua\u00e7\u00e3o da COPENOR no setor, al\u00e9m de propiciar vantagens para as ind\u00fastrias nacionais, como pontualidade na entrega e qualidade dos produtos, representa para o pa\u00eds uma economia de divisas.<\/span><\/p><p><span style=\"color: #000000;\">Em novembro de 2004, a METANOR transferiu integralmente suas opera\u00e7\u00f5es para a COPENOR, permanecendo apenas como empresa holding cujo controle acion\u00e1rio\u00a0<\/span><span style=\"color: #000000;\">\u00e9 compartilhado pela Petrobras e Dexxos Participa\u00e7\u00f5es, ambas com metade das a\u00e7\u00f5es ordin\u00e1rias da empresa.<\/span><\/p><p><span style=\"color: #000000;\">Atualmente, ap\u00f3s a paraliza\u00e7\u00e3o da planta de metanol em 18 de julho de 2016, a COPENOR passou a utilizar o metanol de origem importada para as suas linhas de produ\u00e7\u00e3o de formalde\u00eddo e hexamina em Cama\u00e7ari, atrav\u00e9s de contrato de exclusividade com grande produtor internacional, garantindo ainda o suprimento dos seus clientes de metanol no Nordeste.<\/span><\/p>\t\t\t\t\t\t\t\t<\/div>\n\t\t\t\t<\/div>\n\t\t\t\t\t<\/div>\n\t\t<\/div>\n\t\t\t\t\t<\/div>\n\t\t<\/section>\n\t\t\t\t<\/div>\n\t\t","protected":false},"excerpt":{"rendered":"<p>A METANOR &#8211; Metanol do Nordeste S.A. foi fundada em 1969 e iniciou a produ\u00e7\u00e3o de metanol em Cama\u00e7ari em 1976. Com o objetivo de substituir a importa\u00e7\u00e3o de alguns derivados do metanol, foi criada em 1979 a subsidi\u00e1ria COPENOR. A COPENOR COMPANHIA PETROQU\u00cdMICA DO NORDESTE iniciou suas atividades produtivas em 1979, tendo como meta [&hellip;]<\/p>\n","protected":false},"author":4,"featured_media":0,"parent":0,"menu_order":0,"comment_status":"closed","ping_status":"closed","template":"elementor_header_footer","meta":{"ocean_post_layout":"","ocean_both_sidebars_style":"","ocean_both_sidebars_content_width":0,"ocean_both_sidebars_sidebars_width":0,"ocean_sidebar":"0","ocean_second_sidebar":"0","ocean_disable_margins":"enable","ocean_add_body_class":"","ocean_shortcode_before_top_bar":"","ocean_shortcode_after_top_bar":"","ocean_shortcode_before_header":"","ocean_shortcode_after_header":"","ocean_has_shortcode":"","ocean_shortcode_after_title":"","ocean_shortcode_before_footer_widgets":"","ocean_shortcode_after_footer_widgets":"","ocean_shortcode_before_footer_bottom":"","ocean_shortcode_after_footer_bottom":"","ocean_display_top_bar":"default","ocean_display_header":"default","ocean_header_style":"","ocean_center_header_left_menu":"0","ocean_custom_header_template":"0","ocean_custom_logo":0,"ocean_custom_retina_logo":0,"ocean_custom_logo_max_width":0,"ocean_custom_logo_tablet_max_width":0,"ocean_custom_logo_mobile_max_width":0,"ocean_custom_logo_max_height":0,"ocean_custom_logo_tablet_max_height":0,"ocean_custom_logo_mobile_max_height":0,"ocean_header_custom_menu":"0","ocean_menu_typo_font_family":"0","ocean_menu_typo_font_subset":"","ocean_menu_typo_font_size":0,"ocean_menu_typo_font_size_tablet":0,"ocean_menu_typo_font_size_mobile":0,"ocean_menu_typo_font_size_unit":"px","ocean_menu_typo_font_weight":"","ocean_menu_typo_font_weight_tablet":"","ocean_menu_typo_font_weight_mobile":"","ocean_menu_typo_transform":"","ocean_menu_typo_transform_tablet":"","ocean_menu_typo_transform_mobile":"","ocean_menu_typo_line_height":0,"ocean_menu_typo_line_height_tablet":0,"ocean_menu_typo_line_height_mobile":0,"ocean_menu_typo_line_height_unit":"","ocean_menu_typo_spacing":0,"ocean_menu_typo_spacing_tablet":0,"ocean_menu_typo_spacing_mobile":0,"ocean_menu_typo_spacing_unit":"","ocean_menu_link_color":"","ocean_menu_link_color_hover":"","ocean_menu_link_color_active":"","ocean_menu_link_background":"","ocean_menu_link_hover_background":"","ocean_menu_link_active_background":"","ocean_menu_social_links_bg":"","ocean_menu_social_hover_links_bg":"","ocean_menu_social_links_color":"","ocean_menu_social_hover_links_color":"","ocean_disable_title":"default","ocean_disable_heading":"default","ocean_post_title":"","ocean_post_subheading":"","ocean_post_title_style":"","ocean_post_title_background_color":"","ocean_post_title_background":0,"ocean_post_title_bg_image_position":"","ocean_post_title_bg_image_attachment":"","ocean_post_title_bg_image_repeat":"","ocean_post_title_bg_image_size":"","ocean_post_title_height":0,"ocean_post_title_bg_overlay":0.5,"ocean_post_title_bg_overlay_color":"","ocean_disable_breadcrumbs":"default","ocean_breadcrumbs_color":"","ocean_breadcrumbs_separator_color":"","ocean_breadcrumbs_links_color":"","ocean_breadcrumbs_links_hover_color":"","ocean_display_footer_widgets":"default","ocean_display_footer_bottom":"default","ocean_custom_footer_template":"0","footnotes":""},"class_list":["post-7","page","type-page","status-publish","hentry","entry"],"_links":{"self":[{"href":"https:\/\/www3.copenor.com.br\/index.php\/wp-json\/wp\/v2\/pages\/7","targetHints":{"allow":["GET"]}}],"collection":[{"href":"https:\/\/www3.copenor.com.br\/index.php\/wp-json\/wp\/v2\/pages"}],"about":[{"href":"https:\/\/www3.copenor.com.br\/index.php\/wp-json\/wp\/v2\/types\/page"}],"author":[{"embeddable":true,"href":"https:\/\/www3.copenor.com.br\/index.php\/wp-json\/wp\/v2\/users\/4"}],"replies":[{"embeddable":true,"href":"https:\/\/www3.copenor.com.br\/index.php\/wp-json\/wp\/v2\/comments?post=7"}],"version-history":[{"count":0,"href":"https:\/\/www3.copenor.com.br\/index.php\/wp-json\/wp\/v2\/pages\/7\/revisions"}],"wp:attachment":[{"href":"https:\/\/www3.copenor.com.br\/index.php\/wp-json\/wp\/v2\/media?parent=7"}],"curies":[{"name":"wp","href":"https:\/\/api.w.org\/{rel}","templated":true}]}}